{"id":1184,"date":"2021-09-09T14:53:11","date_gmt":"2021-09-09T11:53:11","guid":{"rendered":"http:\/\/engroup.com.tr\/?page_id=1184"},"modified":"2021-10-22T00:08:31","modified_gmt":"2021-10-21T21:08:31","slug":"kariyer","status":"publish","type":"page","link":"https:\/\/engroup.com.tr\/index.php\/kariyer\/","title":{"rendered":"Kariyer"},"content":{"rendered":"\t\t<div data-elementor-type=\"wp-page\" data-elementor-id=\"1184\" class=\"elementor elementor-1184\">\n\t\t\t\t\t\t\t\t\t<section class=\"elementor-section elementor-top-section elementor-element elementor-element-16d7fbb elementor-section-boxed elementor-section-height-default elementor-section-height-default\" data-id=\"16d7fbb\" data-element_type=\"section\" data-settings=\"{&quot;background_background&quot;:&quot;classic&quot;}\">\n\t\t\t\t\t\t\t<div class=\"elementor-background-overlay\"><\/div>\n\t\t\t\t\t\t\t<div class=\"elementor-container elementor-column-gap-default\">\n\t\t\t\t\t<div class=\"elementor-column elementor-col-50 elementor-top-column elementor-element elementor-element-1acce6a\" data-id=\"1acce6a\" data-element_type=\"column\">\n\t\t\t<div class=\"elementor-widget-wrap elementor-element-populated\">\n\t\t\t\t\t\t\t\t<div class=\"elementor-element elementor-element-558b423 elementor-widget elementor-widget-spacer\" data-id=\"558b423\" data-element_type=\"widget\" data-widget_type=\"spacer.default\">\n\t\t\t\t<div class=\"elementor-widget-container\">\n\t\t\t<style>\/*! elementor - v3.6.8 - 27-07-2022 *\/\n.e-container.e-container--row .elementor-spacer-inner{width:var(--spacer-size)}.e-container.e-container--column .elementor-spacer-inner,.elementor-column .elementor-spacer-inner{height:var(--spacer-size)}<\/style>\t\t<div class=\"elementor-spacer\">\n\t\t\t<div class=\"elementor-spacer-inner\"><\/div>\n\t\t<\/div>\n\t\t\t\t<\/div>\n\t\t\t\t<\/div>\n\t\t\t\t<div class=\"elementor-element elementor-element-ea6a97e elementor-widget elementor-widget-heading\" data-id=\"ea6a97e\" data-element_type=\"widget\" data-widget_type=\"heading.default\">\n\t\t\t\t<div class=\"elementor-widget-container\">\n\t\t\t<style>\/*! elementor - v3.6.8 - 27-07-2022 *\/\n.elementor-heading-title{padding:0;margin:0;line-height:1}.elementor-widget-heading .elementor-heading-title[class*=elementor-size-]>a{color:inherit;font-size:inherit;line-height:inherit}.elementor-widget-heading .elementor-heading-title.elementor-size-small{font-size:15px}.elementor-widget-heading .elementor-heading-title.elementor-size-medium{font-size:19px}.elementor-widget-heading .elementor-heading-title.elementor-size-large{font-size:29px}.elementor-widget-heading .elementor-heading-title.elementor-size-xl{font-size:39px}.elementor-widget-heading .elementor-heading-title.elementor-size-xxl{font-size:59px}<\/style><h2 class=\"elementor-heading-title elementor-size-default\">KAR\u0130YER<\/h2>\t\t<\/div>\n\t\t\t\t<\/div>\n\t\t\t\t\t<\/div>\n\t\t<\/div>\n\t\t\t\t<div class=\"elementor-column elementor-col-50 elementor-top-column elementor-element elementor-element-c207bca\" data-id=\"c207bca\" data-element_type=\"column\">\n\t\t\t<div class=\"elementor-widget-wrap elementor-element-populated\">\n\t\t\t\t\t\t\t\t<div class=\"elementor-element elementor-element-8863d0b elementor-widget elementor-widget-heading\" data-id=\"8863d0b\" data-element_type=\"widget\" data-widget_type=\"heading.default\">\n\t\t\t\t<div class=\"elementor-widget-container\">\n\t\t\t<h5 class=\"elementor-heading-title elementor-size-default\">T\u00fcm etki alanlar\u0131na de\u011fer katan, m\u00fckemmellik ve kalite odakl\u0131 kurum k\u00fclt\u00fcr\u00fcn\u00fc benimseyen, sekt\u00f6rdeki ve d\u00fcnyadaki geli\u015fmelere a\u00e7\u0131k, yenilikleri yak\u0131ndan takip eden, insana ve \u00e7evreye sayg\u0131l\u0131, s\u00fcrd\u00fcr\u00fclebilir bir gelecek kurmak i\u00e7in insan, toplum, \u00e7evre ve i\u015f s\u00fcreklili\u011fi dengesini koruyan, faaliyet g\u00f6sterdi\u011fi her b\u00f6lgenin k\u00fclt\u00fcr ve de\u011ferlerini sahiplenen, her daim i\u015f eti\u011fine ba\u011fl\u0131, kurumsal kimli\u011fe odakl\u0131, gerekti\u011finde inisiyatif alabilen, ayn\u0131 zamanda bir tak\u0131m\u0131n par\u00e7as\u0131 olarak hareket eden ve kendini geli\u015ftiren \u00e7al\u0131\u015fanlar ile faaliyet g\u00f6sterdi\u011fimiz her alanda ba\u015far\u0131l\u0131 ve m\u00fckemmel sonu\u00e7lar elde etmek i\u00e7in \u00e7al\u0131\u015fmaktay\u0131z.\nA\u00e7\u0131k pozisyonlara, pozisyonun gerektirdi\u011fi yetkinlikler \u00e7er\u00e7evesinde en uygun aday\u0131n bulunmas\u0131 ve yerle\u015ftirilmesi sa\u011flan\u0131r.\nA\u00e7\u0131k olan pozisyonlar kariyer siteleri ve yay\u0131nlar\u0131 ile holding ve i\u015ftiraklerimizin internet sitelerinden duyurulur. T\u00fcm ba\u015fvurular geli\u015fmi\u015f veri taban\u0131m\u0131zca kabul edilebilmekte ve y\u00f6netilmektedir.\nUygun g\u00f6r\u00fclen adaylar ile belirli s\u00fcre\u00e7 dahilinde g\u00f6r\u00fc\u015fmeler yap\u0131l\u0131r. G\u00f6r\u00fc\u015fmeler \u015firket ve pozisyona \u00f6zel yap\u0131land\u0131r\u0131lm\u0131\u015f yetkinlik bazl\u0131 m\u00fclakatlar ve envanter testleri ile desteklenmektedir. T\u00fcm g\u00f6r\u00fc\u015fmelerimizde s\u00fcre\u00e7lere ba\u011fl\u0131 kal\u0131nmakta ve objektif yakla\u015f\u0131m sergilenmektedir.\n<\/h5>\t\t<\/div>\n\t\t\t\t<\/div>\n\t\t\t\t\t<\/div>\n\t\t<\/div>\n\t\t\t\t\t\t\t<\/div>\n\t\t<\/section>\n\t\t\t\t\t\t\t<\/div>\n\t\t","protected":false},"excerpt":{"rendered":"<p>KAR\u0130YER T\u00fcm etki alanlar\u0131na de\u011fer katan, m\u00fckemmellik ve kalite odakl\u0131 kurum k\u00fclt\u00fcr\u00fcn\u00fc benimseyen, sekt\u00f6rdeki ve d\u00fcnyadaki geli\u015fmelere a\u00e7\u0131k, yenilikleri yak\u0131ndan takip eden, insana ve \u00e7evreye sayg\u0131l\u0131, s\u00fcrd\u00fcr\u00fclebilir bir gelecek kurmak i\u00e7in insan, toplum, \u00e7evre ve i\u015f s\u00fcreklili\u011fi dengesini koruyan, faaliyet g\u00f6sterdi\u011fi her b\u00f6lgenin k\u00fclt\u00fcr ve de\u011ferlerini sahiplenen, her daim i\u015f eti\u011fine ba\u011fl\u0131, kurumsal kimli\u011fe odakl\u0131, &hellip;<\/p>\n<p class=\"read-more\"> <a class=\"\" href=\"https:\/\/engroup.com.tr\/index.php\/kariyer\/\"> <span class=\"screen-reader-text\">Kariyer<\/span> Devam\u0131 &raquo;<\/a><\/p>\n","protected":false},"author":1,"featured_media":0,"parent":0,"menu_order":0,"comment_status":"closed","ping_status":"closed","template":"","meta":{"footnotes":""},"class_list":["post-1184","page","type-page","status-publish","hentry"],"uagb_featured_image_src":{"full":false,"thumbnail":false,"medium":false,"medium_large":false,"large":false,"1536x1536":false,"2048x2048":false},"uagb_author_info":{"display_name":"admin","author_link":"https:\/\/engroup.com.tr\/index.php\/author\/admin\/"},"uagb_comment_info":0,"uagb_excerpt":"KAR\u0130YER T\u00fcm etki alanlar\u0131na de\u011fer katan, m\u00fckemmellik ve kalite odakl\u0131 kurum k\u00fclt\u00fcr\u00fcn\u00fc benimseyen, sekt\u00f6rdeki ve d\u00fcnyadaki geli\u015fmelere a\u00e7\u0131k, yenilikleri yak\u0131ndan takip eden, insana ve \u00e7evreye sayg\u0131l\u0131, s\u00fcrd\u00fcr\u00fclebilir bir gelecek kurmak i\u00e7in insan, toplum, \u00e7evre ve i\u015f s\u00fcreklili\u011fi dengesini koruyan, faaliyet g\u00f6sterdi\u011fi her b\u00f6lgenin k\u00fclt\u00fcr ve de\u011ferlerini sahiplenen, her daim i\u015f eti\u011fine ba\u011fl\u0131, kurumsal kimli\u011fe odakl\u0131,&hellip;","_links":{"self":[{"href":"https:\/\/engroup.com.tr\/index.php\/wp-json\/wp\/v2\/pages\/1184","targetHints":{"allow":["GET"]}}],"collection":[{"href":"https:\/\/engroup.com.tr\/index.php\/wp-json\/wp\/v2\/pages"}],"about":[{"href":"https:\/\/engroup.com.tr\/index.php\/wp-json\/wp\/v2\/types\/page"}],"author":[{"embeddable":true,"href":"https:\/\/engroup.com.tr\/index.php\/wp-json\/wp\/v2\/users\/1"}],"replies":[{"embeddable":true,"href":"https:\/\/engroup.com.tr\/index.php\/wp-json\/wp\/v2\/comments?post=1184"}],"version-history":[{"count":13,"href":"https:\/\/engroup.com.tr\/index.php\/wp-json\/wp\/v2\/pages\/1184\/revisions"}],"predecessor-version":[{"id":1985,"href":"https:\/\/engroup.com.tr\/index.php\/wp-json\/wp\/v2\/pages\/1184\/revisions\/1985"}],"wp:attachment":[{"href":"https:\/\/engroup.com.tr\/index.php\/wp-json\/wp\/v2\/media?parent=1184"}],"curies":[{"name":"wp","href":"https:\/\/api.w.org\/{rel}","templated":true}]}}