{"id":1169,"date":"2021-09-09T14:43:43","date_gmt":"2021-09-09T11:43:43","guid":{"rendered":"http:\/\/engroup.com.tr\/?page_id=1169"},"modified":"2021-10-22T11:43:42","modified_gmt":"2021-10-22T08:43:42","slug":"uluslararasi-calismalarimiz","status":"publish","type":"page","link":"https:\/\/engroup.com.tr\/index.php\/uluslararasi-calismalarimiz\/","title":{"rendered":"Uluslararas\u0131 \u00c7al\u0131\u015fmalar\u0131m\u0131z"},"content":{"rendered":"\t\t<div data-elementor-type=\"wp-page\" data-elementor-id=\"1169\" class=\"elementor elementor-1169\">\n\t\t\t\t\t\t\t\t\t<section class=\"elementor-section elementor-top-section elementor-element elementor-element-ddc5dcb elementor-section-boxed elementor-section-height-default elementor-section-height-default\" data-id=\"ddc5dcb\" data-element_type=\"section\" data-settings=\"{&quot;background_background&quot;:&quot;classic&quot;}\">\n\t\t\t\t\t\t<div class=\"elementor-container elementor-column-gap-default\">\n\t\t\t\t\t<div class=\"elementor-column elementor-col-100 elementor-top-column elementor-element elementor-element-cca980a\" data-id=\"cca980a\" data-element_type=\"column\">\n\t\t\t<div class=\"elementor-widget-wrap elementor-element-populated\">\n\t\t\t\t\t\t\t\t<div class=\"elementor-element elementor-element-0de9bc3 elementor-widget elementor-widget-image\" data-id=\"0de9bc3\" data-element_type=\"widget\" data-widget_type=\"image.default\">\n\t\t\t\t<div class=\"elementor-widget-container\">\n\t\t\t<style>\/*! elementor - v3.6.8 - 27-07-2022 *\/\n.elementor-widget-image{text-align:center}.elementor-widget-image a{display:inline-block}.elementor-widget-image a img[src$=\".svg\"]{width:48px}.elementor-widget-image img{vertical-align:middle;display:inline-block}<\/style>\t\t\t\t\t\t\t\t\t\t\t\t<img loading=\"lazy\" decoding=\"async\" width=\"1920\" height=\"816\" src=\"https:\/\/engroup.com.tr\/wp-content\/uploads\/2021\/10\/background-gd4f44788d_1920.jpg\" class=\"attachment-full size-full\" alt=\"\" srcset=\"https:\/\/engroup.com.tr\/wp-content\/uploads\/2021\/10\/background-gd4f44788d_1920.jpg 1920w, https:\/\/engroup.com.tr\/wp-content\/uploads\/2021\/10\/background-gd4f44788d_1920-300x128.jpg 300w, https:\/\/engroup.com.tr\/wp-content\/uploads\/2021\/10\/background-gd4f44788d_1920-1024x435.jpg 1024w, https:\/\/engroup.com.tr\/wp-content\/uploads\/2021\/10\/background-gd4f44788d_1920-768x326.jpg 768w, https:\/\/engroup.com.tr\/wp-content\/uploads\/2021\/10\/background-gd4f44788d_1920-1536x653.jpg 1536w\" sizes=\"auto, (max-width: 1920px) 100vw, 1920px\" \/>\t\t\t\t\t\t\t\t\t\t\t\t\t\t\t<\/div>\n\t\t\t\t<\/div>\n\t\t\t\t\t<\/div>\n\t\t<\/div>\n\t\t\t\t\t\t\t<\/div>\n\t\t<\/section>\n\t\t\t\t<section class=\"elementor-section elementor-top-section elementor-element elementor-element-e73904d elementor-section-boxed elementor-section-height-default elementor-section-height-default\" data-id=\"e73904d\" data-element_type=\"section\" data-settings=\"{&quot;background_background&quot;:&quot;classic&quot;}\">\n\t\t\t\t\t\t<div class=\"elementor-container elementor-column-gap-default\">\n\t\t\t\t\t<div class=\"elementor-column elementor-col-100 elementor-top-column elementor-element elementor-element-482519d\" data-id=\"482519d\" data-element_type=\"column\">\n\t\t\t<div class=\"elementor-widget-wrap elementor-element-populated\">\n\t\t\t\t\t\t\t\t<div class=\"elementor-element elementor-element-bf2a0a2 elementor-widget elementor-widget-heading\" data-id=\"bf2a0a2\" data-element_type=\"widget\" data-widget_type=\"heading.default\">\n\t\t\t\t<div class=\"elementor-widget-container\">\n\t\t\t<style>\/*! elementor - v3.6.8 - 27-07-2022 *\/\n.elementor-heading-title{padding:0;margin:0;line-height:1}.elementor-widget-heading .elementor-heading-title[class*=elementor-size-]>a{color:inherit;font-size:inherit;line-height:inherit}.elementor-widget-heading .elementor-heading-title.elementor-size-small{font-size:15px}.elementor-widget-heading .elementor-heading-title.elementor-size-medium{font-size:19px}.elementor-widget-heading .elementor-heading-title.elementor-size-large{font-size:29px}.elementor-widget-heading .elementor-heading-title.elementor-size-xl{font-size:39px}.elementor-widget-heading .elementor-heading-title.elementor-size-xxl{font-size:59px}<\/style><h4 class=\"elementor-heading-title elementor-size-default\">Kaliteli \u00fcr\u00fcnler, yenilik\u00e7i, dinamik \u00e7al\u0131\u015fanlardan kaynakl\u0131 b\u00fcy\u00fck kitlelere k\u0131sa s\u00fcrede ula\u015ft\u0131k.Azerbaycan, T\u00fcrkiye,  Rusya, Kazakistan gibi \u00fclkelerde franchising ve online sat\u0131\u015f ile d\u00fcnya markas\u0131 olmak i\u00e7in elimizden geleni yap\u0131yoruz.<\/h4>\t\t<\/div>\n\t\t\t\t<\/div>\n\t\t\t\t\t<\/div>\n\t\t<\/div>\n\t\t\t\t\t\t\t<\/div>\n\t\t<\/section>\n\t\t\t\t\t\t\t<\/div>\n\t\t","protected":false},"excerpt":{"rendered":"<p>Kaliteli \u00fcr\u00fcnler, yenilik\u00e7i, dinamik \u00e7al\u0131\u015fanlardan kaynakl\u0131 b\u00fcy\u00fck kitlelere k\u0131sa s\u00fcrede ula\u015ft\u0131k.Azerbaycan, T\u00fcrkiye, Rusya, Kazakistan gibi \u00fclkelerde franchising ve online sat\u0131\u015f ile d\u00fcnya markas\u0131 olmak i\u00e7in elimizden geleni yap\u0131yoruz.<\/p>\n","protected":false},"author":1,"featured_media":0,"parent":0,"menu_order":0,"comment_status":"closed","ping_status":"closed","template":"","meta":{"footnotes":""},"class_list":["post-1169","page","type-page","status-publish","hentry"],"uagb_featured_image_src":{"full":false,"thumbnail":false,"medium":false,"medium_large":false,"large":false,"1536x1536":false,"2048x2048":false},"uagb_author_info":{"display_name":"admin","author_link":"https:\/\/engroup.com.tr\/index.php\/author\/admin\/"},"uagb_comment_info":0,"uagb_excerpt":"Kaliteli \u00fcr\u00fcnler, yenilik\u00e7i, dinamik \u00e7al\u0131\u015fanlardan kaynakl\u0131 b\u00fcy\u00fck kitlelere k\u0131sa s\u00fcrede ula\u015ft\u0131k.Azerbaycan, T\u00fcrkiye, Rusya, Kazakistan gibi \u00fclkelerde franchising ve online sat\u0131\u015f ile d\u00fcnya markas\u0131 olmak i\u00e7in elimizden geleni yap\u0131yoruz.","_links":{"self":[{"href":"https:\/\/engroup.com.tr\/index.php\/wp-json\/wp\/v2\/pages\/1169","targetHints":{"allow":["GET"]}}],"collection":[{"href":"https:\/\/engroup.com.tr\/index.php\/wp-json\/wp\/v2\/pages"}],"about":[{"href":"https:\/\/engroup.com.tr\/index.php\/wp-json\/wp\/v2\/types\/page"}],"author":[{"embeddable":true,"href":"https:\/\/engroup.com.tr\/index.php\/wp-json\/wp\/v2\/users\/1"}],"replies":[{"embeddable":true,"href":"https:\/\/engroup.com.tr\/index.php\/wp-json\/wp\/v2\/comments?post=1169"}],"version-history":[{"count":16,"href":"https:\/\/engroup.com.tr\/index.php\/wp-json\/wp\/v2\/pages\/1169\/revisions"}],"predecessor-version":[{"id":2021,"href":"https:\/\/engroup.com.tr\/index.php\/wp-json\/wp\/v2\/pages\/1169\/revisions\/2021"}],"wp:attachment":[{"href":"https:\/\/engroup.com.tr\/index.php\/wp-json\/wp\/v2\/media?parent=1169"}],"curies":[{"name":"wp","href":"https:\/\/api.w.org\/{rel}","templated":true}]}}