{"id":1167,"date":"2021-09-09T14:43:25","date_gmt":"2021-09-09T11:43:25","guid":{"rendered":"http:\/\/engroup.com.tr\/?page_id=1167"},"modified":"2021-10-22T11:57:28","modified_gmt":"2021-10-22T08:57:28","slug":"sosyal-sorumluklar","status":"publish","type":"page","link":"https:\/\/engroup.com.tr\/index.php\/sosyal-sorumluklar\/","title":{"rendered":"Sosyal Sorumluklar"},"content":{"rendered":"\t\t<div data-elementor-type=\"wp-page\" data-elementor-id=\"1167\" class=\"elementor elementor-1167\">\n\t\t\t\t\t\t\t\t\t<section class=\"elementor-section elementor-top-section elementor-element elementor-element-0327fb4 elementor-section-boxed elementor-section-height-default elementor-section-height-default\" data-id=\"0327fb4\" data-element_type=\"section\" data-settings=\"{&quot;background_background&quot;:&quot;classic&quot;}\">\n\t\t\t\t\t\t<div class=\"elementor-container elementor-column-gap-default\">\n\t\t\t\t\t<div class=\"elementor-column elementor-col-50 elementor-top-column elementor-element elementor-element-1204cd1\" data-id=\"1204cd1\" data-element_type=\"column\">\n\t\t\t<div class=\"elementor-widget-wrap elementor-element-populated\">\n\t\t\t\t\t\t\t\t<div class=\"elementor-element elementor-element-63d14a9 elementor-widget elementor-widget-spacer\" data-id=\"63d14a9\" data-element_type=\"widget\" data-widget_type=\"spacer.default\">\n\t\t\t\t<div class=\"elementor-widget-container\">\n\t\t\t<style>\/*! elementor - v3.6.8 - 27-07-2022 *\/\n.e-container.e-container--row .elementor-spacer-inner{width:var(--spacer-size)}.e-container.e-container--column .elementor-spacer-inner,.elementor-column .elementor-spacer-inner{height:var(--spacer-size)}<\/style>\t\t<div class=\"elementor-spacer\">\n\t\t\t<div class=\"elementor-spacer-inner\"><\/div>\n\t\t<\/div>\n\t\t\t\t<\/div>\n\t\t\t\t<\/div>\n\t\t\t\t<div class=\"elementor-element elementor-element-23ac046 elementor-widget elementor-widget-heading\" data-id=\"23ac046\" data-element_type=\"widget\" data-widget_type=\"heading.default\">\n\t\t\t\t<div class=\"elementor-widget-container\">\n\t\t\t<style>\/*! elementor - v3.6.8 - 27-07-2022 *\/\n.elementor-heading-title{padding:0;margin:0;line-height:1}.elementor-widget-heading .elementor-heading-title[class*=elementor-size-]>a{color:inherit;font-size:inherit;line-height:inherit}.elementor-widget-heading .elementor-heading-title.elementor-size-small{font-size:15px}.elementor-widget-heading .elementor-heading-title.elementor-size-medium{font-size:19px}.elementor-widget-heading .elementor-heading-title.elementor-size-large{font-size:29px}.elementor-widget-heading .elementor-heading-title.elementor-size-xl{font-size:39px}.elementor-widget-heading .elementor-heading-title.elementor-size-xxl{font-size:59px}<\/style><h2 class=\"elementor-heading-title elementor-size-default\">Sosyal Sorumluklar<\/h2>\t\t<\/div>\n\t\t\t\t<\/div>\n\t\t\t\t<div class=\"elementor-element elementor-element-0f709e5 elementor-widget elementor-widget-spacer\" data-id=\"0f709e5\" data-element_type=\"widget\" data-widget_type=\"spacer.default\">\n\t\t\t\t<div class=\"elementor-widget-container\">\n\t\t\t\t\t<div class=\"elementor-spacer\">\n\t\t\t<div class=\"elementor-spacer-inner\"><\/div>\n\t\t<\/div>\n\t\t\t\t<\/div>\n\t\t\t\t<\/div>\n\t\t\t\t\t<\/div>\n\t\t<\/div>\n\t\t\t\t<div class=\"elementor-column elementor-col-50 elementor-top-column elementor-element elementor-element-b8c5558\" data-id=\"b8c5558\" data-element_type=\"column\">\n\t\t\t<div class=\"elementor-widget-wrap elementor-element-populated\">\n\t\t\t\t\t\t\t\t<div class=\"elementor-element elementor-element-6649955 elementor-widget elementor-widget-spacer\" data-id=\"6649955\" data-element_type=\"widget\" data-widget_type=\"spacer.default\">\n\t\t\t\t<div class=\"elementor-widget-container\">\n\t\t\t\t\t<div class=\"elementor-spacer\">\n\t\t\t<div class=\"elementor-spacer-inner\"><\/div>\n\t\t<\/div>\n\t\t\t\t<\/div>\n\t\t\t\t<\/div>\n\t\t\t\t<div class=\"elementor-element elementor-element-3555c3f elementor-widget elementor-widget-heading\" data-id=\"3555c3f\" data-element_type=\"widget\" data-widget_type=\"heading.default\">\n\t\t\t\t<div class=\"elementor-widget-container\">\n\t\t\t<span class=\"elementor-heading-title elementor-size-default\">E\u011fitime ve topluma katk\u0131da bulunmak, kurumsal sosyal sorumluluk politikam\u0131z\u0131n temel ta\u015flar\u0131ndan biridir. KSS, sadece sosyal veya \u00e7evresel de\u011ferlerin de\u011fil, ayn\u0131 zamanda kurumsal de\u011ferin yarat\u0131lmas\u0131 ve geli\u015ftirilmesinde \u00f6nemli bir fakt\u00f6rd\u00fcr.\nEn Grop her zaman gen\u00e7lerin toplumdaki yerlerine, bunun i\u00e7in gerekli ko\u015fullar\u0131n yarat\u0131lmas\u0131na, bilgi ve becerilerinin art\u0131r\u0131lmas\u0131na, potansiyellerinin fark\u0131na var\u0131lmas\u0131na odaklanm\u0131\u015f ve \u00f6zel \u00f6nem vermi\u015ftir. Bu sebebden \u00e7al\u0131\u015fanlar\u0131m\u0131z aras\u0131nda b\u00fcy\u00fck \u00e7o\u011funluk gen\u00e7lerdir\nKSS projelerimiz a\u011f\u0131rl\u0131kl\u0131 olarak \u015fehit ailelerinin, anne ve babas\u0131n\u0131 kaybetmi\u015f ve ya d\u00fc\u015f\u00fck gelirli potansiyel \u00f6\u011frencilerin sosyal-ekonomik sorunlar\u0131n\u0131 \u00e7\u00f6zmeyi ama\u00e7lamaktad\u0131r. \u015eirketler Grubu, bu t\u00fcr KSS projelerinin ve di\u011fer programlar\u0131n uygulanmas\u0131n\u0131 her zaman  desteklemeye \u00e7al\u0131\u015fmaktad\u0131r.\nRefah i\u00e7inde ya\u015famak insanlar\u0131n hakk\u0131 oldu\u011fu gibi hayvanlar i\u00e7in de ge\u00e7erlidir. \u00d6zellikle sokak hayvanlar\u0131...Bug\u00fcn sokaklarda say\u0131s\u0131z k\u00f6pek ve kedi g\u00f6r\u00fcyoruz ve bir\u00e7o\u011fumuz kay\u0131ts\u0131zca yan\u0131ndan ge\u00e7iyoruz. Bazen onlar\u0131 bir damla merhamet ve sevgimizden esirgiyoruz. Lakin En Group  baz\u0131 sokak hayvanlar\u0131n\u0131 bar\u0131nd\u0131rman\u0131n yan\u0131 s\u0131ra hastal\u0131klar\u0131n \u00f6nlenmesi ve bak\u0131m\u0131n te\u015fviki, sorumlu hayvanc\u0131l\u0131k ve hayvanlara insanc\u0131l bir yakla\u015f\u0131m \u00fczerine odaklanmaktad\u0131r. \n\n<\/span>\t\t<\/div>\n\t\t\t\t<\/div>\n\t\t\t\t\t<\/div>\n\t\t<\/div>\n\t\t\t\t\t\t\t<\/div>\n\t\t<\/section>\n\t\t\t\t<section class=\"elementor-section elementor-top-section elementor-element elementor-element-3fa89cb elementor-section-full_width elementor-section-height-default elementor-section-height-default\" data-id=\"3fa89cb\" data-element_type=\"section\" data-settings=\"{&quot;background_background&quot;:&quot;classic&quot;}\">\n\t\t\t\t\t\t<div class=\"elementor-container elementor-column-gap-default\">\n\t\t\t\t\t<div class=\"elementor-column elementor-col-100 elementor-top-column elementor-element elementor-element-5a77bdf\" data-id=\"5a77bdf\" data-element_type=\"column\">\n\t\t\t<div class=\"elementor-widget-wrap elementor-element-populated\">\n\t\t\t\t\t\t\t\t<div class=\"elementor-element elementor-element-804cc7c elementor-arrows-position-inside elementor-pagination-position-outside elementor-widget elementor-widget-image-carousel\" data-id=\"804cc7c\" data-element_type=\"widget\" data-settings=\"{&quot;slides_to_show&quot;:&quot;1&quot;,&quot;autoplay_speed&quot;:3000,&quot;effect&quot;:&quot;fade&quot;,&quot;speed&quot;:300,&quot;navigation&quot;:&quot;both&quot;,&quot;autoplay&quot;:&quot;yes&quot;,&quot;pause_on_hover&quot;:&quot;yes&quot;,&quot;pause_on_interaction&quot;:&quot;yes&quot;,&quot;infinite&quot;:&quot;yes&quot;}\" data-widget_type=\"image-carousel.default\">\n\t\t\t\t<div class=\"elementor-widget-container\">\n\t\t\t<style>\/*! elementor - v3.6.8 - 27-07-2022 *\/\n.elementor-widget-image-carousel .swiper-container{position:static}.elementor-widget-image-carousel .swiper-container .swiper-slide figure{line-height:inherit}.elementor-widget-image-carousel .swiper-slide{text-align:center}.elementor-image-carousel-wrapper:not(.swiper-container-initialized) .swiper-slide{max-width:calc(100% \/ var(--e-image-carousel-slides-to-show, 3))}<\/style>\t\t<div class=\"elementor-image-carousel-wrapper swiper-container\" dir=\"ltr\">\n\t\t\t<div class=\"elementor-image-carousel swiper-wrapper\">\n\t\t\t\t\t\t\t\t<div class=\"swiper-slide\"><figure class=\"swiper-slide-inner\"><img decoding=\"async\" class=\"swiper-slide-image\" src=\"https:\/\/engroup.com.tr\/wp-content\/uploads\/2021\/10\/3.jpg\" alt=\"3\" \/><\/figure><\/div><div class=\"swiper-slide\"><figure class=\"swiper-slide-inner\"><img decoding=\"async\" class=\"swiper-slide-image\" src=\"https:\/\/engroup.com.tr\/wp-content\/uploads\/2021\/10\/8.jpg\" alt=\"8\" \/><\/figure><\/div><div class=\"swiper-slide\"><figure class=\"swiper-slide-inner\"><img decoding=\"async\" class=\"swiper-slide-image\" src=\"https:\/\/engroup.com.tr\/wp-content\/uploads\/2021\/10\/1.jpg\" alt=\"1\" \/><\/figure><\/div><div class=\"swiper-slide\"><figure class=\"swiper-slide-inner\"><img decoding=\"async\" class=\"swiper-slide-image\" src=\"https:\/\/engroup.com.tr\/wp-content\/uploads\/2021\/10\/6.jpg\" alt=\"6\" \/><\/figure><\/div><div class=\"swiper-slide\"><figure class=\"swiper-slide-inner\"><img decoding=\"async\" class=\"swiper-slide-image\" src=\"https:\/\/engroup.com.tr\/wp-content\/uploads\/2021\/10\/2.jpg\" alt=\"2\" \/><\/figure><\/div><div class=\"swiper-slide\"><figure class=\"swiper-slide-inner\"><img decoding=\"async\" class=\"swiper-slide-image\" src=\"https:\/\/engroup.com.tr\/wp-content\/uploads\/2021\/10\/5.jpg\" alt=\"5\" \/><\/figure><\/div><div class=\"swiper-slide\"><figure class=\"swiper-slide-inner\"><img decoding=\"async\" class=\"swiper-slide-image\" src=\"https:\/\/engroup.com.tr\/wp-content\/uploads\/2021\/10\/7.jpg\" alt=\"7\" \/><\/figure><\/div><div class=\"swiper-slide\"><figure class=\"swiper-slide-inner\"><img decoding=\"async\" class=\"swiper-slide-image\" src=\"https:\/\/engroup.com.tr\/wp-content\/uploads\/2021\/10\/4.jpg\" alt=\"4\" \/><\/figure><\/div>\t\t\t<\/div>\n\t\t\t\t\t\t\t\t\t\t\t\t<div class=\"swiper-pagination\"><\/div>\n\t\t\t\t\t\t\t\t\t\t\t\t\t<div class=\"elementor-swiper-button elementor-swiper-button-prev\">\n\t\t\t\t\t\t<i aria-hidden=\"true\" class=\"eicon-chevron-left\"><\/i>\t\t\t\t\t\t<span class=\"elementor-screen-only\">\u00d6nceki<\/span>\n\t\t\t\t\t<\/div>\n\t\t\t\t\t<div class=\"elementor-swiper-button elementor-swiper-button-next\">\n\t\t\t\t\t\t<i aria-hidden=\"true\" class=\"eicon-chevron-right\"><\/i>\t\t\t\t\t\t<span class=\"elementor-screen-only\">Sonraki<\/span>\n\t\t\t\t\t<\/div>\n\t\t\t\t\t\t\t\t\t<\/div>\n\t\t\t\t<\/div>\n\t\t\t\t<\/div>\n\t\t\t\t\t<\/div>\n\t\t<\/div>\n\t\t\t\t\t\t\t<\/div>\n\t\t<\/section>\n\t\t\t\t\t\t\t<\/div>\n\t\t","protected":false},"excerpt":{"rendered":"<p>Sosyal Sorumluklar E\u011fitime ve topluma katk\u0131da bulunmak, kurumsal sosyal sorumluluk politikam\u0131z\u0131n temel ta\u015flar\u0131ndan biridir. KSS, sadece sosyal veya \u00e7evresel de\u011ferlerin de\u011fil, ayn\u0131 zamanda kurumsal de\u011ferin yarat\u0131lmas\u0131 ve geli\u015ftirilmesinde \u00f6nemli bir fakt\u00f6rd\u00fcr. En Grop her zaman gen\u00e7lerin toplumdaki yerlerine, bunun i\u00e7in gerekli ko\u015fullar\u0131n yarat\u0131lmas\u0131na, bilgi ve becerilerinin art\u0131r\u0131lmas\u0131na, potansiyellerinin fark\u0131na var\u0131lmas\u0131na odaklanm\u0131\u015f ve \u00f6zel \u00f6nem vermi\u015ftir. &hellip;<\/p>\n<p class=\"read-more\"> <a class=\"\" href=\"https:\/\/engroup.com.tr\/index.php\/sosyal-sorumluklar\/\"> <span class=\"screen-reader-text\">Sosyal Sorumluklar<\/span> Devam\u0131 &raquo;<\/a><\/p>\n","protected":false},"author":1,"featured_media":0,"parent":0,"menu_order":0,"comment_status":"closed","ping_status":"closed","template":"","meta":{"footnotes":""},"class_list":["post-1167","page","type-page","status-publish","hentry"],"uagb_featured_image_src":{"full":false,"thumbnail":false,"medium":false,"medium_large":false,"large":false,"1536x1536":false,"2048x2048":false},"uagb_author_info":{"display_name":"admin","author_link":"https:\/\/engroup.com.tr\/index.php\/author\/admin\/"},"uagb_comment_info":0,"uagb_excerpt":"Sosyal Sorumluklar E\u011fitime ve topluma katk\u0131da bulunmak, kurumsal sosyal sorumluluk politikam\u0131z\u0131n temel ta\u015flar\u0131ndan biridir. KSS, sadece sosyal veya \u00e7evresel de\u011ferlerin de\u011fil, ayn\u0131 zamanda kurumsal de\u011ferin yarat\u0131lmas\u0131 ve geli\u015ftirilmesinde \u00f6nemli bir fakt\u00f6rd\u00fcr. En Grop her zaman gen\u00e7lerin toplumdaki yerlerine, bunun i\u00e7in gerekli ko\u015fullar\u0131n yarat\u0131lmas\u0131na, bilgi ve becerilerinin art\u0131r\u0131lmas\u0131na, potansiyellerinin fark\u0131na var\u0131lmas\u0131na odaklanm\u0131\u015f ve \u00f6zel \u00f6nem vermi\u015ftir.&hellip;","_links":{"self":[{"href":"https:\/\/engroup.com.tr\/index.php\/wp-json\/wp\/v2\/pages\/1167","targetHints":{"allow":["GET"]}}],"collection":[{"href":"https:\/\/engroup.com.tr\/index.php\/wp-json\/wp\/v2\/pages"}],"about":[{"href":"https:\/\/engroup.com.tr\/index.php\/wp-json\/wp\/v2\/types\/page"}],"author":[{"embeddable":true,"href":"https:\/\/engroup.com.tr\/index.php\/wp-json\/wp\/v2\/users\/1"}],"replies":[{"embeddable":true,"href":"https:\/\/engroup.com.tr\/index.php\/wp-json\/wp\/v2\/comments?post=1167"}],"version-history":[{"count":17,"href":"https:\/\/engroup.com.tr\/index.php\/wp-json\/wp\/v2\/pages\/1167\/revisions"}],"predecessor-version":[{"id":2041,"href":"https:\/\/engroup.com.tr\/index.php\/wp-json\/wp\/v2\/pages\/1167\/revisions\/2041"}],"wp:attachment":[{"href":"https:\/\/engroup.com.tr\/index.php\/wp-json\/wp\/v2\/media?parent=1167"}],"curies":[{"name":"wp","href":"https:\/\/api.w.org\/{rel}","templated":true}]}}