{"id":1165,"date":"2021-09-09T14:43:04","date_gmt":"2021-09-09T11:43:04","guid":{"rendered":"http:\/\/engroup.com.tr\/?page_id=1165"},"modified":"2021-10-23T16:04:55","modified_gmt":"2021-10-23T13:04:55","slug":"so-fit","status":"publish","type":"page","link":"https:\/\/engroup.com.tr\/index.php\/so-fit\/","title":{"rendered":"SO F\u0130T"},"content":{"rendered":"\t\t<div data-elementor-type=\"wp-page\" data-elementor-id=\"1165\" class=\"elementor elementor-1165\">\n\t\t\t\t\t\t\t\t\t<section class=\"elementor-section elementor-top-section elementor-element elementor-element-49474c1 elementor-section-boxed elementor-section-height-default elementor-section-height-default\" data-id=\"49474c1\" data-element_type=\"section\" data-settings=\"{&quot;background_background&quot;:&quot;classic&quot;}\">\n\t\t\t\t\t\t<div class=\"elementor-container elementor-column-gap-default\">\n\t\t\t\t\t<div class=\"elementor-column elementor-col-100 elementor-top-column elementor-element elementor-element-beec230\" data-id=\"beec230\" data-element_type=\"column\">\n\t\t\t<div class=\"elementor-widget-wrap elementor-element-populated\">\n\t\t\t\t\t\t\t\t<div class=\"elementor-element elementor-element-63d2712 elementor-widget elementor-widget-image\" data-id=\"63d2712\" data-element_type=\"widget\" data-widget_type=\"image.default\">\n\t\t\t\t<div class=\"elementor-widget-container\">\n\t\t\t<style>\/*! elementor - v3.6.8 - 27-07-2022 *\/\n.elementor-widget-image{text-align:center}.elementor-widget-image a{display:inline-block}.elementor-widget-image a img[src$=\".svg\"]{width:48px}.elementor-widget-image img{vertical-align:middle;display:inline-block}<\/style>\t\t\t\t\t\t\t\t\t\t\t\t<img loading=\"lazy\" decoding=\"async\" width=\"143\" height=\"80\" src=\"https:\/\/engroup.com.tr\/wp-content\/uploads\/2021\/09\/so.png\" class=\"attachment-full size-full\" alt=\"\" \/>\t\t\t\t\t\t\t\t\t\t\t\t\t\t\t<\/div>\n\t\t\t\t<\/div>\n\t\t\t\t\t<\/div>\n\t\t<\/div>\n\t\t\t\t\t\t\t<\/div>\n\t\t<\/section>\n\t\t\t\t<section class=\"elementor-section elementor-top-section elementor-element elementor-element-9d7f9ad elementor-section-full_width elementor-section-height-default elementor-section-height-default\" data-id=\"9d7f9ad\" data-element_type=\"section\" data-settings=\"{&quot;background_background&quot;:&quot;classic&quot;}\">\n\t\t\t\t\t\t<div class=\"elementor-container elementor-column-gap-default\">\n\t\t\t\t\t<div class=\"elementor-column elementor-col-100 elementor-top-column elementor-element elementor-element-01012af\" data-id=\"01012af\" data-element_type=\"column\">\n\t\t\t<div class=\"elementor-widget-wrap elementor-element-populated\">\n\t\t\t\t\t\t\t\t<div class=\"elementor-element elementor-element-a200767 elementor-align-justify elementor-widget elementor-widget-button\" data-id=\"a200767\" data-element_type=\"widget\" data-widget_type=\"button.default\">\n\t\t\t\t<div class=\"elementor-widget-container\">\n\t\t\t\t\t<div class=\"elementor-button-wrapper\">\n\t\t\t<a href=\"https:\/\/sofit-tr.com\/\" class=\"elementor-button-link elementor-button elementor-size-sm\" role=\"button\">\n\t\t\t\t\t\t<span class=\"elementor-button-content-wrapper\">\n\t\t\t\t\t\t<span class=\"elementor-button-text\">WEB ADRES\u0130<\/span>\n\t\t<\/span>\n\t\t\t\t\t<\/a>\n\t\t<\/div>\n\t\t\t\t<\/div>\n\t\t\t\t<\/div>\n\t\t\t\t\t<\/div>\n\t\t<\/div>\n\t\t\t\t\t\t\t<\/div>\n\t\t<\/section>\n\t\t\t\t<section class=\"elementor-section elementor-top-section elementor-element elementor-element-67a31f4 elementor-section-boxed elementor-section-height-default elementor-section-height-default\" data-id=\"67a31f4\" data-element_type=\"section\" data-settings=\"{&quot;background_background&quot;:&quot;classic&quot;}\">\n\t\t\t\t\t\t<div class=\"elementor-container elementor-column-gap-default\">\n\t\t\t\t\t<div class=\"elementor-column elementor-col-100 elementor-top-column elementor-element elementor-element-1463062\" data-id=\"1463062\" data-element_type=\"column\">\n\t\t\t<div class=\"elementor-widget-wrap elementor-element-populated\">\n\t\t\t\t\t\t\t\t<div class=\"elementor-element elementor-element-e5df9b2 elementor-widget elementor-widget-heading\" data-id=\"e5df9b2\" data-element_type=\"widget\" data-widget_type=\"heading.default\">\n\t\t\t\t<div class=\"elementor-widget-container\">\n\t\t\t<style>\/*! elementor - v3.6.8 - 27-07-2022 *\/\n.elementor-heading-title{padding:0;margin:0;line-height:1}.elementor-widget-heading .elementor-heading-title[class*=elementor-size-]>a{color:inherit;font-size:inherit;line-height:inherit}.elementor-widget-heading .elementor-heading-title.elementor-size-small{font-size:15px}.elementor-widget-heading .elementor-heading-title.elementor-size-medium{font-size:19px}.elementor-widget-heading .elementor-heading-title.elementor-size-large{font-size:29px}.elementor-widget-heading .elementor-heading-title.elementor-size-xl{font-size:39px}.elementor-widget-heading .elementor-heading-title.elementor-size-xxl{font-size:59px}<\/style><h5 class=\"elementor-heading-title elementor-size-default\">Ba\u015fl\u0131k metninizi buraya ek2019 senesinde Sofit markas\u0131n\u0131 kurduk ve  internet \u00fczerinden sat\u0131\u015flar\u0131m\u0131 ba\u015flad\u0131k. Sosyal medyada ses getirecek reklamlar\u0131m\u0131zla internet \u00fczeri sat\u0131\u015flar\u0131m\u0131z h\u0131zla artarak b\u00fcy\u00fcmeye devam etmektedir.\n\u0130leriki a\u015famalar i\u00e7in \u00fcr\u00fcn yelpazemizi geni\u015fleterek T\u00fcrkiye'nin bir numaral\u0131 spor markas\u0131 olma yolunda ad\u0131mlar\u0131m\u0131z\u0131 sa\u011flam \u015fekilde at\u0131yoruz.\nleyin<\/h5>\t\t<\/div>\n\t\t\t\t<\/div>\n\t\t\t\t\t<\/div>\n\t\t<\/div>\n\t\t\t\t\t\t\t<\/div>\n\t\t<\/section>\n\t\t\t\t\t\t\t<\/div>\n\t\t","protected":false},"excerpt":{"rendered":"<p>WEB ADRES\u0130 Ba\u015fl\u0131k metninizi buraya ek2019 senesinde Sofit markas\u0131n\u0131 kurduk ve internet \u00fczerinden sat\u0131\u015flar\u0131m\u0131 ba\u015flad\u0131k. Sosyal medyada ses getirecek reklamlar\u0131m\u0131zla internet \u00fczeri sat\u0131\u015flar\u0131m\u0131z h\u0131zla artarak b\u00fcy\u00fcmeye devam etmektedir. \u0130leriki a\u015famalar i\u00e7in \u00fcr\u00fcn yelpazemizi geni\u015fleterek T\u00fcrkiye&#8217;nin bir numaral\u0131 spor markas\u0131 olma yolunda ad\u0131mlar\u0131m\u0131z\u0131 sa\u011flam \u015fekilde at\u0131yoruz. leyin<\/p>\n","protected":false},"author":1,"featured_media":0,"parent":0,"menu_order":0,"comment_status":"closed","ping_status":"closed","template":"","meta":{"footnotes":""},"class_list":["post-1165","page","type-page","status-publish","hentry"],"uagb_featured_image_src":{"full":false,"thumbnail":false,"medium":false,"medium_large":false,"large":false,"1536x1536":false,"2048x2048":false},"uagb_author_info":{"display_name":"admin","author_link":"https:\/\/engroup.com.tr\/index.php\/author\/admin\/"},"uagb_comment_info":0,"uagb_excerpt":"WEB ADRES\u0130 Ba\u015fl\u0131k metninizi buraya ek2019 senesinde Sofit markas\u0131n\u0131 kurduk ve internet \u00fczerinden sat\u0131\u015flar\u0131m\u0131 ba\u015flad\u0131k. Sosyal medyada ses getirecek reklamlar\u0131m\u0131zla internet \u00fczeri sat\u0131\u015flar\u0131m\u0131z h\u0131zla artarak b\u00fcy\u00fcmeye devam etmektedir. \u0130leriki a\u015famalar i\u00e7in \u00fcr\u00fcn yelpazemizi geni\u015fleterek T\u00fcrkiye&#8217;nin bir numaral\u0131 spor markas\u0131 olma yolunda ad\u0131mlar\u0131m\u0131z\u0131 sa\u011flam \u015fekilde at\u0131yoruz. leyin","_links":{"self":[{"href":"https:\/\/engroup.com.tr\/index.php\/wp-json\/wp\/v2\/pages\/1165","targetHints":{"allow":["GET"]}}],"collection":[{"href":"https:\/\/engroup.com.tr\/index.php\/wp-json\/wp\/v2\/pages"}],"about":[{"href":"https:\/\/engroup.com.tr\/index.php\/wp-json\/wp\/v2\/types\/page"}],"author":[{"embeddable":true,"href":"https:\/\/engroup.com.tr\/index.php\/wp-json\/wp\/v2\/users\/1"}],"replies":[{"embeddable":true,"href":"https:\/\/engroup.com.tr\/index.php\/wp-json\/wp\/v2\/comments?post=1165"}],"version-history":[{"count":7,"href":"https:\/\/engroup.com.tr\/index.php\/wp-json\/wp\/v2\/pages\/1165\/revisions"}],"predecessor-version":[{"id":2109,"href":"https:\/\/engroup.com.tr\/index.php\/wp-json\/wp\/v2\/pages\/1165\/revisions\/2109"}],"wp:attachment":[{"href":"https:\/\/engroup.com.tr\/index.php\/wp-json\/wp\/v2\/media?parent=1165"}],"curies":[{"name":"wp","href":"https:\/\/api.w.org\/{rel}","templated":true}]}}