{"id":1161,"date":"2021-09-09T14:42:33","date_gmt":"2021-09-09T11:42:33","guid":{"rendered":"http:\/\/engroup.com.tr\/?page_id=1161"},"modified":"2021-10-21T23:25:03","modified_gmt":"2021-10-21T20:25:03","slug":"bee-you","status":"publish","type":"page","link":"https:\/\/engroup.com.tr\/index.php\/bee-you\/","title":{"rendered":"BEE YOU"},"content":{"rendered":"\t\t<div data-elementor-type=\"wp-page\" data-elementor-id=\"1161\" class=\"elementor elementor-1161\">\n\t\t\t\t\t\t\t\t\t<section class=\"elementor-section elementor-top-section elementor-element elementor-element-c94eeb1 elementor-section-boxed elementor-section-height-default elementor-section-height-default\" data-id=\"c94eeb1\" data-element_type=\"section\" data-settings=\"{&quot;background_background&quot;:&quot;classic&quot;}\">\n\t\t\t\t\t\t<div class=\"elementor-container elementor-column-gap-default\">\n\t\t\t\t\t<div class=\"elementor-column elementor-col-100 elementor-top-column elementor-element elementor-element-fe8d903\" data-id=\"fe8d903\" data-element_type=\"column\">\n\t\t\t<div class=\"elementor-widget-wrap elementor-element-populated\">\n\t\t\t\t\t\t\t\t<div class=\"elementor-element elementor-element-e4eb99a elementor-widget elementor-widget-image\" data-id=\"e4eb99a\" data-element_type=\"widget\" data-widget_type=\"image.default\">\n\t\t\t\t<div class=\"elementor-widget-container\">\n\t\t\t<style>\/*! elementor - v3.6.8 - 27-07-2022 *\/\n.elementor-widget-image{text-align:center}.elementor-widget-image a{display:inline-block}.elementor-widget-image a img[src$=\".svg\"]{width:48px}.elementor-widget-image img{vertical-align:middle;display:inline-block}<\/style>\t\t\t\t\t\t\t\t\t\t\t\t<img loading=\"lazy\" decoding=\"async\" width=\"300\" height=\"150\" src=\"https:\/\/engroup.com.tr\/wp-content\/uploads\/2021\/09\/BEE-YOU-LOGO-300x150.png\" class=\"attachment-medium size-medium\" alt=\"\" srcset=\"https:\/\/engroup.com.tr\/wp-content\/uploads\/2021\/09\/BEE-YOU-LOGO-300x150.png 300w, https:\/\/engroup.com.tr\/wp-content\/uploads\/2021\/09\/BEE-YOU-LOGO-1024x514.png 1024w, https:\/\/engroup.com.tr\/wp-content\/uploads\/2021\/09\/BEE-YOU-LOGO-768x385.png 768w, https:\/\/engroup.com.tr\/wp-content\/uploads\/2021\/09\/BEE-YOU-LOGO-1536x770.png 1536w, https:\/\/engroup.com.tr\/wp-content\/uploads\/2021\/09\/BEE-YOU-LOGO.png 1978w\" sizes=\"auto, (max-width: 300px) 100vw, 300px\" \/>\t\t\t\t\t\t\t\t\t\t\t\t\t\t\t<\/div>\n\t\t\t\t<\/div>\n\t\t\t\t\t<\/div>\n\t\t<\/div>\n\t\t\t\t\t\t\t<\/div>\n\t\t<\/section>\n\t\t\t\t<section class=\"elementor-section elementor-top-section elementor-element elementor-element-81cc683 elementor-section-boxed elementor-section-height-default elementor-section-height-default\" data-id=\"81cc683\" data-element_type=\"section\" data-settings=\"{&quot;background_background&quot;:&quot;classic&quot;}\">\n\t\t\t\t\t\t<div class=\"elementor-container elementor-column-gap-default\">\n\t\t\t\t\t<div class=\"elementor-column elementor-col-100 elementor-top-column elementor-element elementor-element-384fba6\" data-id=\"384fba6\" data-element_type=\"column\">\n\t\t\t<div class=\"elementor-widget-wrap elementor-element-populated\">\n\t\t\t\t\t\t\t\t<div class=\"elementor-element elementor-element-7a752b8 elementor-widget elementor-widget-heading\" data-id=\"7a752b8\" data-element_type=\"widget\" data-widget_type=\"heading.default\">\n\t\t\t\t<div class=\"elementor-widget-container\">\n\t\t\t<style>\/*! elementor - v3.6.8 - 27-07-2022 *\/\n.elementor-heading-title{padding:0;margin:0;line-height:1}.elementor-widget-heading .elementor-heading-title[class*=elementor-size-]>a{color:inherit;font-size:inherit;line-height:inherit}.elementor-widget-heading .elementor-heading-title.elementor-size-small{font-size:15px}.elementor-widget-heading .elementor-heading-title.elementor-size-medium{font-size:19px}.elementor-widget-heading .elementor-heading-title.elementor-size-large{font-size:29px}.elementor-widget-heading .elementor-heading-title.elementor-size-xl{font-size:39px}.elementor-widget-heading .elementor-heading-title.elementor-size-xxl{font-size:59px}<\/style><h4 class=\"elementor-heading-title elementor-size-default\">Beeyou aksesuar kendi tarz\u0131n\u0131z\u0131 bulman\u0131za, ki\u015fili\u011finizi vurgulaman\u0131za ve bireyselli\u011finizi g\u00f6stermenize yard\u0131mc\u0131 olacakt\u0131r. En yeni moda trendleri BeeYou uygun ko\u015fullarda herkesi bekliyor. Birbirinden \u015f\u0131k aksesuarlar\u0131n yer ald\u0131\u011f\u0131 BeeYouda her kes zevklerine uygun olan\u0131 tercih edebiliyor. BeeYou ile herhangi bir g\u00f6r\u00fcn\u00fcm\u00fc daha eksiksiz hale getirebilirsiniz.<\/h4>\t\t<\/div>\n\t\t\t\t<\/div>\n\t\t\t\t\t<\/div>\n\t\t<\/div>\n\t\t\t\t\t\t\t<\/div>\n\t\t<\/section>\n\t\t\t\t\t\t\t<\/div>\n\t\t","protected":false},"excerpt":{"rendered":"<p>Beeyou aksesuar kendi tarz\u0131n\u0131z\u0131 bulman\u0131za, ki\u015fili\u011finizi vurgulaman\u0131za ve bireyselli\u011finizi g\u00f6stermenize yard\u0131mc\u0131 olacakt\u0131r. En yeni moda trendleri BeeYou uygun ko\u015fullarda herkesi bekliyor. Birbirinden \u015f\u0131k aksesuarlar\u0131n yer ald\u0131\u011f\u0131 BeeYouda her kes zevklerine uygun olan\u0131 tercih edebiliyor. BeeYou ile herhangi bir g\u00f6r\u00fcn\u00fcm\u00fc daha eksiksiz hale getirebilirsiniz.<\/p>\n","protected":false},"author":1,"featured_media":0,"parent":0,"menu_order":0,"comment_status":"closed","ping_status":"closed","template":"","meta":{"footnotes":""},"class_list":["post-1161","page","type-page","status-publish","hentry"],"uagb_featured_image_src":{"full":false,"thumbnail":false,"medium":false,"medium_large":false,"large":false,"1536x1536":false,"2048x2048":false},"uagb_author_info":{"display_name":"admin","author_link":"https:\/\/engroup.com.tr\/index.php\/author\/admin\/"},"uagb_comment_info":0,"uagb_excerpt":"Beeyou aksesuar kendi tarz\u0131n\u0131z\u0131 bulman\u0131za, ki\u015fili\u011finizi vurgulaman\u0131za ve bireyselli\u011finizi g\u00f6stermenize yard\u0131mc\u0131 olacakt\u0131r. En yeni moda trendleri BeeYou uygun ko\u015fullarda herkesi bekliyor. Birbirinden \u015f\u0131k aksesuarlar\u0131n yer ald\u0131\u011f\u0131 BeeYouda her kes zevklerine uygun olan\u0131 tercih edebiliyor. BeeYou ile herhangi bir g\u00f6r\u00fcn\u00fcm\u00fc daha eksiksiz hale getirebilirsiniz.","_links":{"self":[{"href":"https:\/\/engroup.com.tr\/index.php\/wp-json\/wp\/v2\/pages\/1161","targetHints":{"allow":["GET"]}}],"collection":[{"href":"https:\/\/engroup.com.tr\/index.php\/wp-json\/wp\/v2\/pages"}],"about":[{"href":"https:\/\/engroup.com.tr\/index.php\/wp-json\/wp\/v2\/types\/page"}],"author":[{"embeddable":true,"href":"https:\/\/engroup.com.tr\/index.php\/wp-json\/wp\/v2\/users\/1"}],"replies":[{"embeddable":true,"href":"https:\/\/engroup.com.tr\/index.php\/wp-json\/wp\/v2\/comments?post=1161"}],"version-history":[{"count":7,"href":"https:\/\/engroup.com.tr\/index.php\/wp-json\/wp\/v2\/pages\/1161\/revisions"}],"predecessor-version":[{"id":1932,"href":"https:\/\/engroup.com.tr\/index.php\/wp-json\/wp\/v2\/pages\/1161\/revisions\/1932"}],"wp:attachment":[{"href":"https:\/\/engroup.com.tr\/index.php\/wp-json\/wp\/v2\/media?parent=1161"}],"curies":[{"name":"wp","href":"https:\/\/api.w.org\/{rel}","templated":true}]}}