{"id":1159,"date":"2021-09-09T14:42:21","date_gmt":"2021-09-09T11:42:21","guid":{"rendered":"http:\/\/engroup.com.tr\/?page_id=1159"},"modified":"2021-10-21T23:22:38","modified_gmt":"2021-10-21T20:22:38","slug":"es-watch","status":"publish","type":"page","link":"https:\/\/engroup.com.tr\/index.php\/es-watch\/","title":{"rendered":"ES WATCH"},"content":{"rendered":"\t\t<div data-elementor-type=\"wp-page\" data-elementor-id=\"1159\" class=\"elementor elementor-1159\">\n\t\t\t\t\t\t\t\t\t<section class=\"elementor-section elementor-top-section elementor-element elementor-element-35c9ee7 elementor-section-boxed elementor-section-height-default elementor-section-height-default\" data-id=\"35c9ee7\" data-element_type=\"section\" data-settings=\"{&quot;background_background&quot;:&quot;classic&quot;}\">\n\t\t\t\t\t\t<div class=\"elementor-container elementor-column-gap-default\">\n\t\t\t\t\t<div class=\"elementor-column elementor-col-100 elementor-top-column elementor-element elementor-element-82d51d4\" data-id=\"82d51d4\" data-element_type=\"column\">\n\t\t\t<div class=\"elementor-widget-wrap elementor-element-populated\">\n\t\t\t\t\t\t\t\t<div class=\"elementor-element elementor-element-827f346 elementor-widget elementor-widget-image\" data-id=\"827f346\" data-element_type=\"widget\" data-widget_type=\"image.default\">\n\t\t\t\t<div class=\"elementor-widget-container\">\n\t\t\t<style>\/*! elementor - v3.6.8 - 27-07-2022 *\/\n.elementor-widget-image{text-align:center}.elementor-widget-image a{display:inline-block}.elementor-widget-image a img[src$=\".svg\"]{width:48px}.elementor-widget-image img{vertical-align:middle;display:inline-block}<\/style>\t\t\t\t\t\t\t\t\t\t\t\t<img loading=\"lazy\" decoding=\"async\" width=\"143\" height=\"80\" src=\"https:\/\/engroup.com.tr\/wp-content\/uploads\/2021\/09\/es.jpg\" class=\"attachment-full size-full\" alt=\"\" \/>\t\t\t\t\t\t\t\t\t\t\t\t\t\t\t<\/div>\n\t\t\t\t<\/div>\n\t\t\t\t\t<\/div>\n\t\t<\/div>\n\t\t\t\t\t\t\t<\/div>\n\t\t<\/section>\n\t\t\t\t<section class=\"elementor-section elementor-top-section elementor-element elementor-element-4e42bfc elementor-section-boxed elementor-section-height-default elementor-section-height-default\" data-id=\"4e42bfc\" data-element_type=\"section\" data-settings=\"{&quot;background_background&quot;:&quot;classic&quot;}\">\n\t\t\t\t\t\t<div class=\"elementor-container elementor-column-gap-default\">\n\t\t\t\t\t<div class=\"elementor-column elementor-col-100 elementor-top-column elementor-element elementor-element-d9ee607\" data-id=\"d9ee607\" data-element_type=\"column\">\n\t\t\t<div class=\"elementor-widget-wrap elementor-element-populated\">\n\t\t\t\t\t\t\t\t<div class=\"elementor-element elementor-element-e593d2e elementor-widget elementor-widget-heading\" data-id=\"e593d2e\" data-element_type=\"widget\" data-widget_type=\"heading.default\">\n\t\t\t\t<div class=\"elementor-widget-container\">\n\t\t\t<style>\/*! elementor - v3.6.8 - 27-07-2022 *\/\n.elementor-heading-title{padding:0;margin:0;line-height:1}.elementor-widget-heading .elementor-heading-title[class*=elementor-size-]>a{color:inherit;font-size:inherit;line-height:inherit}.elementor-widget-heading .elementor-heading-title.elementor-size-small{font-size:15px}.elementor-widget-heading .elementor-heading-title.elementor-size-medium{font-size:19px}.elementor-widget-heading .elementor-heading-title.elementor-size-large{font-size:29px}.elementor-widget-heading .elementor-heading-title.elementor-size-xl{font-size:39px}.elementor-widget-heading .elementor-heading-title.elementor-size-xxl{font-size:59px}<\/style><h5 class=\"elementor-heading-title elementor-size-default\">\u201cEswatch\u201d, geni\u015f \u00fcr\u00fcn yelpazesi ile zaman\u0131n k\u0131ymetini bilenleri ve do\u011fruluk tutkunlar\u0131n\u0131 bekliyor. \u0130\u015f, gece, spor tarz i\u00e7in her t\u00fcrl\u00fc saat Eswatch ma\u011fazas\u0131nda bulunabilir. Daima g\u00fcvenli\u011fi ve do\u011frulu\u011fu hedefleyen Eswatch, bug\u00fcn her saatinin \u00fcretimine, ger\u00e7ek hayatta \u00e7e\u015fitli deneylerden ge\u00e7en \u00e7ok y\u00fcksek bir hassasiyetle m\u00fc\u015fterilerine sunmaktad\u0131r. Eswatch saatler, sade ve ayn\u0131 zamanda \u015f\u0131k tasar\u0131m\u0131, \u00fcretiminde kullan\u0131lan y\u00fcksek kaliteli malzemeleri ve parlakl\u0131\u011f\u0131 ile ba\u015far\u0131ya giden her g\u00fc\u00e7l\u00fc karakterin favori saati olacakt\u0131r.<\/h5>\t\t<\/div>\n\t\t\t\t<\/div>\n\t\t\t\t\t<\/div>\n\t\t<\/div>\n\t\t\t\t\t\t\t<\/div>\n\t\t<\/section>\n\t\t\t\t\t\t\t<\/div>\n\t\t","protected":false},"excerpt":{"rendered":"<p>\u201cEswatch\u201d, geni\u015f \u00fcr\u00fcn yelpazesi ile zaman\u0131n k\u0131ymetini bilenleri ve do\u011fruluk tutkunlar\u0131n\u0131 bekliyor. \u0130\u015f, gece, spor tarz i\u00e7in her t\u00fcrl\u00fc saat Eswatch ma\u011fazas\u0131nda bulunabilir. Daima g\u00fcvenli\u011fi ve do\u011frulu\u011fu hedefleyen Eswatch, bug\u00fcn her saatinin \u00fcretimine, ger\u00e7ek hayatta \u00e7e\u015fitli deneylerden ge\u00e7en \u00e7ok y\u00fcksek bir hassasiyetle m\u00fc\u015fterilerine sunmaktad\u0131r. Eswatch saatler, sade ve ayn\u0131 zamanda \u015f\u0131k tasar\u0131m\u0131, \u00fcretiminde kullan\u0131lan y\u00fcksek &hellip;<\/p>\n<p class=\"read-more\"> <a class=\"\" href=\"https:\/\/engroup.com.tr\/index.php\/es-watch\/\"> <span class=\"screen-reader-text\">ES WATCH<\/span> Devam\u0131 &raquo;<\/a><\/p>\n","protected":false},"author":1,"featured_media":0,"parent":0,"menu_order":0,"comment_status":"closed","ping_status":"closed","template":"","meta":{"footnotes":""},"class_list":["post-1159","page","type-page","status-publish","hentry"],"uagb_featured_image_src":{"full":false,"thumbnail":false,"medium":false,"medium_large":false,"large":false,"1536x1536":false,"2048x2048":false},"uagb_author_info":{"display_name":"admin","author_link":"https:\/\/engroup.com.tr\/index.php\/author\/admin\/"},"uagb_comment_info":0,"uagb_excerpt":"\u201cEswatch\u201d, geni\u015f \u00fcr\u00fcn yelpazesi ile zaman\u0131n k\u0131ymetini bilenleri ve do\u011fruluk tutkunlar\u0131n\u0131 bekliyor. \u0130\u015f, gece, spor tarz i\u00e7in her t\u00fcrl\u00fc saat Eswatch ma\u011fazas\u0131nda bulunabilir. Daima g\u00fcvenli\u011fi ve do\u011frulu\u011fu hedefleyen Eswatch, bug\u00fcn her saatinin \u00fcretimine, ger\u00e7ek hayatta \u00e7e\u015fitli deneylerden ge\u00e7en \u00e7ok y\u00fcksek bir hassasiyetle m\u00fc\u015fterilerine sunmaktad\u0131r. Eswatch saatler, sade ve ayn\u0131 zamanda \u015f\u0131k tasar\u0131m\u0131, \u00fcretiminde kullan\u0131lan y\u00fcksek&hellip;","_links":{"self":[{"href":"https:\/\/engroup.com.tr\/index.php\/wp-json\/wp\/v2\/pages\/1159","targetHints":{"allow":["GET"]}}],"collection":[{"href":"https:\/\/engroup.com.tr\/index.php\/wp-json\/wp\/v2\/pages"}],"about":[{"href":"https:\/\/engroup.com.tr\/index.php\/wp-json\/wp\/v2\/types\/page"}],"author":[{"embeddable":true,"href":"https:\/\/engroup.com.tr\/index.php\/wp-json\/wp\/v2\/users\/1"}],"replies":[{"embeddable":true,"href":"https:\/\/engroup.com.tr\/index.php\/wp-json\/wp\/v2\/comments?post=1159"}],"version-history":[{"count":7,"href":"https:\/\/engroup.com.tr\/index.php\/wp-json\/wp\/v2\/pages\/1159\/revisions"}],"predecessor-version":[{"id":1929,"href":"https:\/\/engroup.com.tr\/index.php\/wp-json\/wp\/v2\/pages\/1159\/revisions\/1929"}],"wp:attachment":[{"href":"https:\/\/engroup.com.tr\/index.php\/wp-json\/wp\/v2\/media?parent=1159"}],"curies":[{"name":"wp","href":"https:\/\/api.w.org\/{rel}","templated":true}]}}