{"id":1157,"date":"2021-09-09T14:42:09","date_gmt":"2021-09-09T11:42:09","guid":{"rendered":"http:\/\/engroup.com.tr\/?page_id=1157"},"modified":"2021-10-21T23:26:54","modified_gmt":"2021-10-21T20:26:54","slug":"big-max","status":"publish","type":"page","link":"https:\/\/engroup.com.tr\/index.php\/big-max\/","title":{"rendered":"B\u0130G MAX"},"content":{"rendered":"\t\t<div data-elementor-type=\"wp-page\" data-elementor-id=\"1157\" class=\"elementor elementor-1157\">\n\t\t\t\t\t\t\t\t\t<section class=\"elementor-section elementor-top-section elementor-element elementor-element-208a26b elementor-section-boxed elementor-section-height-default elementor-section-height-default\" data-id=\"208a26b\" data-element_type=\"section\" data-settings=\"{&quot;background_background&quot;:&quot;classic&quot;}\">\n\t\t\t\t\t\t<div class=\"elementor-container elementor-column-gap-default\">\n\t\t\t\t\t<div class=\"elementor-column elementor-col-100 elementor-top-column elementor-element elementor-element-6e088f6\" data-id=\"6e088f6\" data-element_type=\"column\">\n\t\t\t<div class=\"elementor-widget-wrap elementor-element-populated\">\n\t\t\t\t\t\t\t\t<div class=\"elementor-element elementor-element-5ab59c2 elementor-widget elementor-widget-image\" data-id=\"5ab59c2\" data-element_type=\"widget\" data-widget_type=\"image.default\">\n\t\t\t\t<div class=\"elementor-widget-container\">\n\t\t\t<style>\/*! elementor - v3.6.8 - 27-07-2022 *\/\n.elementor-widget-image{text-align:center}.elementor-widget-image a{display:inline-block}.elementor-widget-image a img[src$=\".svg\"]{width:48px}.elementor-widget-image img{vertical-align:middle;display:inline-block}<\/style>\t\t\t\t\t\t\t\t\t\t\t\t<img loading=\"lazy\" decoding=\"async\" width=\"114\" height=\"108\" src=\"https:\/\/engroup.com.tr\/wp-content\/uploads\/2021\/09\/BIGMAX.png\" class=\"attachment-large size-large\" alt=\"\" \/>\t\t\t\t\t\t\t\t\t\t\t\t\t\t\t<\/div>\n\t\t\t\t<\/div>\n\t\t\t\t\t<\/div>\n\t\t<\/div>\n\t\t\t\t\t\t\t<\/div>\n\t\t<\/section>\n\t\t\t\t<section class=\"elementor-section elementor-top-section elementor-element elementor-element-487177e elementor-section-boxed elementor-section-height-default elementor-section-height-default\" data-id=\"487177e\" data-element_type=\"section\" data-settings=\"{&quot;background_background&quot;:&quot;classic&quot;}\">\n\t\t\t\t\t\t<div class=\"elementor-container elementor-column-gap-default\">\n\t\t\t\t\t<div class=\"elementor-column elementor-col-100 elementor-top-column elementor-element elementor-element-ace1f40\" data-id=\"ace1f40\" data-element_type=\"column\">\n\t\t\t<div class=\"elementor-widget-wrap elementor-element-populated\">\n\t\t\t\t\t\t\t\t<div class=\"elementor-element elementor-element-42c0a34 elementor-align-justify elementor-widget elementor-widget-button\" data-id=\"42c0a34\" data-element_type=\"widget\" data-widget_type=\"button.default\">\n\t\t\t\t<div class=\"elementor-widget-container\">\n\t\t\t\t\t<div class=\"elementor-button-wrapper\">\n\t\t\t<a href=\"https:\/\/bigmaxtr.com\/\" class=\"elementor-button-link elementor-button elementor-size-sm\" role=\"button\">\n\t\t\t\t\t\t<span class=\"elementor-button-content-wrapper\">\n\t\t\t\t\t\t<span class=\"elementor-button-text\">Web Adresi<\/span>\n\t\t<\/span>\n\t\t\t\t\t<\/a>\n\t\t<\/div>\n\t\t\t\t<\/div>\n\t\t\t\t<\/div>\n\t\t\t\t\t<\/div>\n\t\t<\/div>\n\t\t\t\t\t\t\t<\/div>\n\t\t<\/section>\n\t\t\t\t<section class=\"elementor-section elementor-top-section elementor-element elementor-element-53ae782 elementor-section-boxed elementor-section-height-default elementor-section-height-default\" data-id=\"53ae782\" data-element_type=\"section\" data-settings=\"{&quot;background_background&quot;:&quot;classic&quot;}\">\n\t\t\t\t\t\t<div class=\"elementor-container elementor-column-gap-default\">\n\t\t\t\t\t<div class=\"elementor-column elementor-col-100 elementor-top-column elementor-element elementor-element-df95d2b\" data-id=\"df95d2b\" data-element_type=\"column\">\n\t\t\t<div class=\"elementor-widget-wrap elementor-element-populated\">\n\t\t\t\t\t\t\t\t<div class=\"elementor-element elementor-element-e305ccd elementor-widget elementor-widget-heading\" data-id=\"e305ccd\" data-element_type=\"widget\" data-widget_type=\"heading.default\">\n\t\t\t\t<div class=\"elementor-widget-container\">\n\t\t\t<style>\/*! elementor - v3.6.8 - 27-07-2022 *\/\n.elementor-heading-title{padding:0;margin:0;line-height:1}.elementor-widget-heading .elementor-heading-title[class*=elementor-size-]>a{color:inherit;font-size:inherit;line-height:inherit}.elementor-widget-heading .elementor-heading-title.elementor-size-small{font-size:15px}.elementor-widget-heading .elementor-heading-title.elementor-size-medium{font-size:19px}.elementor-widget-heading .elementor-heading-title.elementor-size-large{font-size:29px}.elementor-widget-heading .elementor-heading-title.elementor-size-xl{font-size:39px}.elementor-widget-heading .elementor-heading-title.elementor-size-xxl{font-size:59px}<\/style><h4 class=\"elementor-heading-title elementor-size-default\">BigMax Azerbaycan'da \u00e7e\u015fitli \u015fubeleri bulunan, hem online hem de ma\u011fazalarda faaliyet g\u00f6steren bir \u015firkettir.Gen\u00e7 bir i\u015fadam\u0131 olan Elmir Necebov as\u0131l amac\u0131 m\u00fc\u015fterilere y\u00fcksek kaliteli spor yemekleri sunmak olan bu organizasyonu kurdu. Ana hedef,\u00a0 al\u0131c\u0131ya hem kaliteli hem de uygun fiyata alabilece\u011fi bir \u00fcr\u00fcn sunmakt\u0131.<\/h4>\t\t<\/div>\n\t\t\t\t<\/div>\n\t\t\t\t\t<\/div>\n\t\t<\/div>\n\t\t\t\t\t\t\t<\/div>\n\t\t<\/section>\n\t\t\t\t\t\t\t<\/div>\n\t\t","protected":false},"excerpt":{"rendered":"<p>Web Adresi BigMax Azerbaycan&#8217;da \u00e7e\u015fitli \u015fubeleri bulunan, hem online hem de ma\u011fazalarda faaliyet g\u00f6steren bir \u015firkettir.Gen\u00e7 bir i\u015fadam\u0131 olan Elmir Necebov as\u0131l amac\u0131 m\u00fc\u015fterilere y\u00fcksek kaliteli spor yemekleri sunmak olan bu organizasyonu kurdu. Ana hedef,\u00a0 al\u0131c\u0131ya hem kaliteli hem de uygun fiyata alabilece\u011fi bir \u00fcr\u00fcn sunmakt\u0131.<\/p>\n","protected":false},"author":1,"featured_media":0,"parent":0,"menu_order":0,"comment_status":"closed","ping_status":"closed","template":"","meta":{"footnotes":""},"class_list":["post-1157","page","type-page","status-publish","hentry"],"uagb_featured_image_src":{"full":false,"thumbnail":false,"medium":false,"medium_large":false,"large":false,"1536x1536":false,"2048x2048":false},"uagb_author_info":{"display_name":"admin","author_link":"https:\/\/engroup.com.tr\/index.php\/author\/admin\/"},"uagb_comment_info":0,"uagb_excerpt":"Web Adresi BigMax Azerbaycan&#8217;da \u00e7e\u015fitli \u015fubeleri bulunan, hem online hem de ma\u011fazalarda faaliyet g\u00f6steren bir \u015firkettir.Gen\u00e7 bir i\u015fadam\u0131 olan Elmir Necebov as\u0131l amac\u0131 m\u00fc\u015fterilere y\u00fcksek kaliteli spor yemekleri sunmak olan bu organizasyonu kurdu. Ana hedef,\u00a0 al\u0131c\u0131ya hem kaliteli hem de uygun fiyata alabilece\u011fi bir \u00fcr\u00fcn sunmakt\u0131.","_links":{"self":[{"href":"https:\/\/engroup.com.tr\/index.php\/wp-json\/wp\/v2\/pages\/1157","targetHints":{"allow":["GET"]}}],"collection":[{"href":"https:\/\/engroup.com.tr\/index.php\/wp-json\/wp\/v2\/pages"}],"about":[{"href":"https:\/\/engroup.com.tr\/index.php\/wp-json\/wp\/v2\/types\/page"}],"author":[{"embeddable":true,"href":"https:\/\/engroup.com.tr\/index.php\/wp-json\/wp\/v2\/users\/1"}],"replies":[{"embeddable":true,"href":"https:\/\/engroup.com.tr\/index.php\/wp-json\/wp\/v2\/comments?post=1157"}],"version-history":[{"count":13,"href":"https:\/\/engroup.com.tr\/index.php\/wp-json\/wp\/v2\/pages\/1157\/revisions"}],"predecessor-version":[{"id":1935,"href":"https:\/\/engroup.com.tr\/index.php\/wp-json\/wp\/v2\/pages\/1157\/revisions\/1935"}],"wp:attachment":[{"href":"https:\/\/engroup.com.tr\/index.php\/wp-json\/wp\/v2\/media?parent=1157"}],"curies":[{"name":"wp","href":"https:\/\/api.w.org\/{rel}","templated":true}]}}