{"id":1137,"date":"2021-09-09T14:37:36","date_gmt":"2021-09-09T11:37:36","guid":{"rendered":"http:\/\/engroup.com.tr\/?page_id=1137"},"modified":"2021-10-21T22:14:42","modified_gmt":"2021-10-21T19:14:42","slug":"medya-calismalirimiz","status":"publish","type":"page","link":"https:\/\/engroup.com.tr\/index.php\/medya-calismalirimiz\/","title":{"rendered":"Medya \u00c7al\u0131\u015fmal\u0131r\u0131m\u0131z"},"content":{"rendered":"\t\t<div data-elementor-type=\"wp-page\" data-elementor-id=\"1137\" class=\"elementor elementor-1137\">\n\t\t\t\t\t\t\t\t\t<section class=\"elementor-section elementor-top-section elementor-element elementor-element-54d04af elementor-section-boxed elementor-section-height-default elementor-section-height-default\" data-id=\"54d04af\" data-element_type=\"section\" data-settings=\"{&quot;background_background&quot;:&quot;classic&quot;}\">\n\t\t\t\t\t\t<div class=\"elementor-container elementor-column-gap-default\">\n\t\t\t\t\t<div class=\"elementor-column elementor-col-50 elementor-top-column elementor-element elementor-element-fd52e8e\" data-id=\"fd52e8e\" data-element_type=\"column\">\n\t\t\t<div class=\"elementor-widget-wrap elementor-element-populated\">\n\t\t\t\t\t\t\t\t<div class=\"elementor-element elementor-element-aa9c200 elementor-widget elementor-widget-heading\" data-id=\"aa9c200\" data-element_type=\"widget\" data-widget_type=\"heading.default\">\n\t\t\t\t<div class=\"elementor-widget-container\">\n\t\t\t<style>\/*! elementor - v3.6.8 - 27-07-2022 *\/\n.elementor-heading-title{padding:0;margin:0;line-height:1}.elementor-widget-heading .elementor-heading-title[class*=elementor-size-]>a{color:inherit;font-size:inherit;line-height:inherit}.elementor-widget-heading .elementor-heading-title.elementor-size-small{font-size:15px}.elementor-widget-heading .elementor-heading-title.elementor-size-medium{font-size:19px}.elementor-widget-heading .elementor-heading-title.elementor-size-large{font-size:29px}.elementor-widget-heading .elementor-heading-title.elementor-size-xl{font-size:39px}.elementor-widget-heading .elementor-heading-title.elementor-size-xxl{font-size:59px}<\/style><h5 class=\"elementor-heading-title elementor-size-default\">      &nbsp;&nbsp;&nbsp;&nbsp;&nbsp;&nbsp;&nbsp;Markalar\u0131m\u0131z\u0131n reklam \u00e7al\u0131\u015fmalar\u0131n\u0131 her zaman ileri seviyeye y\u00fckselterek b\u00fcy\u00fcmeye devam etmekteyiz.Bu alanda yurtd\u0131\u015f\u0131nda yapt\u0131\u011f\u0131m\u0131z reklam \u00e7al\u0131\u015fmalar\u0131n\u0131  yan\u0131nda T\u00fcrkiye i\u00e7erisinde de gerek sosyal medyada gerekse televizyondan reklamlar\u0131m\u0131z  devam etmektedir. En son SOEL markam\u0131z i\u00e7in SHOW Tv Ramo dizisini ana sponsorlu\u011funu yapm\u0131\u015ft\u0131r.<\/h5>\t\t<\/div>\n\t\t\t\t<\/div>\n\t\t\t\t\t<\/div>\n\t\t<\/div>\n\t\t\t\t<div class=\"elementor-column elementor-col-50 elementor-top-column elementor-element elementor-element-5be5693\" data-id=\"5be5693\" data-element_type=\"column\">\n\t\t\t<div class=\"elementor-widget-wrap elementor-element-populated\">\n\t\t\t\t\t\t\t\t<div class=\"elementor-element elementor-element-e31de78 elementor-widget elementor-widget-image\" data-id=\"e31de78\" data-element_type=\"widget\" data-widget_type=\"image.default\">\n\t\t\t\t<div class=\"elementor-widget-container\">\n\t\t\t<style>\/*! elementor - v3.6.8 - 27-07-2022 *\/\n.elementor-widget-image{text-align:center}.elementor-widget-image a{display:inline-block}.elementor-widget-image a img[src$=\".svg\"]{width:48px}.elementor-widget-image img{vertical-align:middle;display:inline-block}<\/style>\t\t\t\t\t\t\t\t\t\t\t\t<img loading=\"lazy\" decoding=\"async\" width=\"150\" height=\"150\" src=\"https:\/\/engroup.com.tr\/wp-content\/uploads\/2021\/10\/1213123-21_1024x1024-150x150.jpg\" class=\"attachment-thumbnail size-thumbnail\" alt=\"\" srcset=\"https:\/\/engroup.com.tr\/wp-content\/uploads\/2021\/10\/1213123-21_1024x1024-150x150.jpg 150w, https:\/\/engroup.com.tr\/wp-content\/uploads\/2021\/10\/1213123-21_1024x1024-300x300.jpg 300w, https:\/\/engroup.com.tr\/wp-content\/uploads\/2021\/10\/1213123-21_1024x1024-768x768.jpg 768w, https:\/\/engroup.com.tr\/wp-content\/uploads\/2021\/10\/1213123-21_1024x1024.jpg 1024w\" sizes=\"auto, (max-width: 150px) 100vw, 150px\" \/>\t\t\t\t\t\t\t\t\t\t\t\t\t\t\t<\/div>\n\t\t\t\t<\/div>\n\t\t\t\t\t<\/div>\n\t\t<\/div>\n\t\t\t\t\t\t\t<\/div>\n\t\t<\/section>\n\t\t\t\t<section class=\"elementor-section elementor-top-section elementor-element elementor-element-0e312e9 elementor-section-boxed elementor-section-height-default elementor-section-height-default\" data-id=\"0e312e9\" data-element_type=\"section\" data-settings=\"{&quot;background_background&quot;:&quot;classic&quot;}\">\n\t\t\t\t\t\t<div class=\"elementor-container elementor-column-gap-default\">\n\t\t\t\t\t<div class=\"elementor-column elementor-col-25 elementor-top-column elementor-element elementor-element-2cdf8c2\" data-id=\"2cdf8c2\" data-element_type=\"column\">\n\t\t\t<div class=\"elementor-widget-wrap elementor-element-populated\">\n\t\t\t\t\t\t\t\t<div class=\"elementor-element elementor-element-1381eea elementor-widget elementor-widget-image\" data-id=\"1381eea\" data-element_type=\"widget\" data-widget_type=\"image.default\">\n\t\t\t\t<div class=\"elementor-widget-container\">\n\t\t\t\t\t\t\t\t\t\t\t\t\t\t\t<img loading=\"lazy\" decoding=\"async\" width=\"1024\" height=\"1024\" src=\"https:\/\/engroup.com.tr\/wp-content\/uploads\/2021\/10\/goruntu.jpeg-3_1024x1024.jpg\" class=\"attachment-large size-large\" alt=\"\" srcset=\"https:\/\/engroup.com.tr\/wp-content\/uploads\/2021\/10\/goruntu.jpeg-3_1024x1024.jpg 1024w, https:\/\/engroup.com.tr\/wp-content\/uploads\/2021\/10\/goruntu.jpeg-3_1024x1024-300x300.jpg 300w, https:\/\/engroup.com.tr\/wp-content\/uploads\/2021\/10\/goruntu.jpeg-3_1024x1024-150x150.jpg 150w, https:\/\/engroup.com.tr\/wp-content\/uploads\/2021\/10\/goruntu.jpeg-3_1024x1024-768x768.jpg 768w\" sizes=\"auto, (max-width: 1024px) 100vw, 1024px\" \/>\t\t\t\t\t\t\t\t\t\t\t\t\t\t\t<\/div>\n\t\t\t\t<\/div>\n\t\t\t\t\t<\/div>\n\t\t<\/div>\n\t\t\t\t<div class=\"elementor-column elementor-col-25 elementor-top-column elementor-element elementor-element-2249d7b\" data-id=\"2249d7b\" data-element_type=\"column\">\n\t\t\t<div class=\"elementor-widget-wrap elementor-element-populated\">\n\t\t\t\t\t\t\t\t<div class=\"elementor-element elementor-element-9920297 elementor-widget elementor-widget-image\" data-id=\"9920297\" data-element_type=\"widget\" data-widget_type=\"image.default\">\n\t\t\t\t<div class=\"elementor-widget-container\">\n\t\t\t\t\t\t\t\t\t\t\t\t\t\t\t<img loading=\"lazy\" decoding=\"async\" width=\"1024\" height=\"1024\" src=\"https:\/\/engroup.com.tr\/wp-content\/uploads\/2021\/10\/goruntu.jpeg_1024x1024.jpg\" class=\"attachment-large size-large\" alt=\"\" srcset=\"https:\/\/engroup.com.tr\/wp-content\/uploads\/2021\/10\/goruntu.jpeg_1024x1024.jpg 1024w, https:\/\/engroup.com.tr\/wp-content\/uploads\/2021\/10\/goruntu.jpeg_1024x1024-300x300.jpg 300w, https:\/\/engroup.com.tr\/wp-content\/uploads\/2021\/10\/goruntu.jpeg_1024x1024-150x150.jpg 150w, https:\/\/engroup.com.tr\/wp-content\/uploads\/2021\/10\/goruntu.jpeg_1024x1024-768x768.jpg 768w\" sizes=\"auto, (max-width: 1024px) 100vw, 1024px\" \/>\t\t\t\t\t\t\t\t\t\t\t\t\t\t\t<\/div>\n\t\t\t\t<\/div>\n\t\t\t\t\t<\/div>\n\t\t<\/div>\n\t\t\t\t<div class=\"elementor-column elementor-col-25 elementor-top-column elementor-element elementor-element-3aeeaa3\" data-id=\"3aeeaa3\" data-element_type=\"column\">\n\t\t\t<div class=\"elementor-widget-wrap elementor-element-populated\">\n\t\t\t\t\t\t\t\t<div class=\"elementor-element elementor-element-c5e6e23 elementor-widget elementor-widget-image\" data-id=\"c5e6e23\" data-element_type=\"widget\" data-widget_type=\"image.default\">\n\t\t\t\t<div class=\"elementor-widget-container\">\n\t\t\t\t\t\t\t\t\t\t\t\t\t\t\t<img loading=\"lazy\" decoding=\"async\" width=\"1024\" height=\"1024\" src=\"https:\/\/engroup.com.tr\/wp-content\/uploads\/2021\/10\/goruntu.jpeg-1_1024x1024.jpg\" class=\"attachment-large size-large\" alt=\"\" srcset=\"https:\/\/engroup.com.tr\/wp-content\/uploads\/2021\/10\/goruntu.jpeg-1_1024x1024.jpg 1024w, https:\/\/engroup.com.tr\/wp-content\/uploads\/2021\/10\/goruntu.jpeg-1_1024x1024-300x300.jpg 300w, https:\/\/engroup.com.tr\/wp-content\/uploads\/2021\/10\/goruntu.jpeg-1_1024x1024-150x150.jpg 150w, https:\/\/engroup.com.tr\/wp-content\/uploads\/2021\/10\/goruntu.jpeg-1_1024x1024-768x768.jpg 768w\" sizes=\"auto, (max-width: 1024px) 100vw, 1024px\" \/>\t\t\t\t\t\t\t\t\t\t\t\t\t\t\t<\/div>\n\t\t\t\t<\/div>\n\t\t\t\t\t<\/div>\n\t\t<\/div>\n\t\t\t\t<div class=\"elementor-column elementor-col-25 elementor-top-column elementor-element elementor-element-058adc1\" data-id=\"058adc1\" data-element_type=\"column\">\n\t\t\t<div class=\"elementor-widget-wrap elementor-element-populated\">\n\t\t\t\t\t\t\t\t<div class=\"elementor-element elementor-element-5d594ca elementor-widget elementor-widget-image\" data-id=\"5d594ca\" data-element_type=\"widget\" data-widget_type=\"image.default\">\n\t\t\t\t<div class=\"elementor-widget-container\">\n\t\t\t\t\t\t\t\t\t\t\t\t\t\t\t<img loading=\"lazy\" decoding=\"async\" width=\"1024\" height=\"1024\" src=\"https:\/\/engroup.com.tr\/wp-content\/uploads\/2021\/10\/goruntu.jpeg-2_1024x1024.jpg\" class=\"attachment-large size-large\" alt=\"\" srcset=\"https:\/\/engroup.com.tr\/wp-content\/uploads\/2021\/10\/goruntu.jpeg-2_1024x1024.jpg 1024w, https:\/\/engroup.com.tr\/wp-content\/uploads\/2021\/10\/goruntu.jpeg-2_1024x1024-300x300.jpg 300w, https:\/\/engroup.com.tr\/wp-content\/uploads\/2021\/10\/goruntu.jpeg-2_1024x1024-150x150.jpg 150w, https:\/\/engroup.com.tr\/wp-content\/uploads\/2021\/10\/goruntu.jpeg-2_1024x1024-768x768.jpg 768w\" sizes=\"auto, (max-width: 1024px) 100vw, 1024px\" \/>\t\t\t\t\t\t\t\t\t\t\t\t\t\t\t<\/div>\n\t\t\t\t<\/div>\n\t\t\t\t\t<\/div>\n\t\t<\/div>\n\t\t\t\t\t\t\t<\/div>\n\t\t<\/section>\n\t\t\t\t<section class=\"elementor-section elementor-top-section elementor-element elementor-element-cc18fff elementor-section-boxed elementor-section-height-default elementor-section-height-default\" data-id=\"cc18fff\" data-element_type=\"section\" data-settings=\"{&quot;background_background&quot;:&quot;classic&quot;}\">\n\t\t\t\t\t\t<div class=\"elementor-container elementor-column-gap-default\">\n\t\t\t\t\t<div class=\"elementor-column elementor-col-50 elementor-top-column elementor-element elementor-element-33f728b\" data-id=\"33f728b\" data-element_type=\"column\">\n\t\t\t<div class=\"elementor-widget-wrap elementor-element-populated\">\n\t\t\t\t\t\t\t\t<div class=\"elementor-element elementor-element-771d313 elementor-aspect-ratio-169 elementor-widget elementor-widget-video\" data-id=\"771d313\" data-element_type=\"widget\" data-settings=\"{&quot;video_type&quot;:&quot;hosted&quot;,&quot;controls&quot;:&quot;yes&quot;,&quot;aspect_ratio&quot;:&quot;169&quot;}\" data-widget_type=\"video.default\">\n\t\t\t\t<div class=\"elementor-widget-container\">\n\t\t\t<style>\/*! elementor - v3.6.8 - 27-07-2022 *\/\n.elementor-widget-video .elementor-widget-container{overflow:hidden;-webkit-transform:translateZ(0);transform:translateZ(0)}.elementor-widget-video .elementor-open-inline .elementor-custom-embed-image-overlay{position:absolute;top:0;left:0;width:100%;height:100%;background-size:cover;background-position:50%}.elementor-widget-video .elementor-custom-embed-image-overlay{cursor:pointer;text-align:center}.elementor-widget-video .elementor-custom-embed-image-overlay:hover .elementor-custom-embed-play i{opacity:1}.elementor-widget-video .elementor-custom-embed-image-overlay img{display:block;width:100%}.elementor-widget-video .e-hosted-video .elementor-video{-o-object-fit:cover;object-fit:cover}<\/style>\t\t<div class=\"e-hosted-video elementor-wrapper elementor-fit-aspect-ratio elementor-open-inline\">\n\t\t\t\t\t<video class=\"elementor-video\" src=\"http:\/\/engroup.com.tr\/wp-content\/uploads\/2021\/10\/film-1.mov\" controls=\"\" controlsList=\"nodownload\"><\/video>\n\t\t\t\t<\/div>\n\t\t\t\t<\/div>\n\t\t\t\t<\/div>\n\t\t\t\t\t<\/div>\n\t\t<\/div>\n\t\t\t\t<div class=\"elementor-column elementor-col-50 elementor-top-column elementor-element elementor-element-dedcd24\" data-id=\"dedcd24\" data-element_type=\"column\">\n\t\t\t<div class=\"elementor-widget-wrap elementor-element-populated\">\n\t\t\t\t\t\t\t\t<div class=\"elementor-element elementor-element-d43974f elementor-aspect-ratio-169 elementor-widget elementor-widget-video\" data-id=\"d43974f\" data-element_type=\"widget\" data-settings=\"{&quot;video_type&quot;:&quot;hosted&quot;,&quot;controls&quot;:&quot;yes&quot;,&quot;aspect_ratio&quot;:&quot;169&quot;}\" data-widget_type=\"video.default\">\n\t\t\t\t<div class=\"elementor-widget-container\">\n\t\t\t\t\t<div class=\"e-hosted-video elementor-wrapper elementor-fit-aspect-ratio elementor-open-inline\">\n\t\t\t\t\t<video class=\"elementor-video\" src=\"http:\/\/engroup.com.tr\/wp-content\/uploads\/2021\/10\/film.mov\" controls=\"\" controlsList=\"nodownload\"><\/video>\n\t\t\t\t<\/div>\n\t\t\t\t<\/div>\n\t\t\t\t<\/div>\n\t\t\t\t\t<\/div>\n\t\t<\/div>\n\t\t\t\t\t\t\t<\/div>\n\t\t<\/section>\n\t\t\t\t<section class=\"elementor-section elementor-top-section elementor-element elementor-element-5eaf97e elementor-section-boxed elementor-section-height-default elementor-section-height-default\" data-id=\"5eaf97e\" data-element_type=\"section\" data-settings=\"{&quot;background_background&quot;:&quot;classic&quot;}\">\n\t\t\t\t\t\t<div class=\"elementor-container elementor-column-gap-default\">\n\t\t\t\t\t<div class=\"elementor-column elementor-col-20 elementor-top-column elementor-element elementor-element-2cbfdd8\" data-id=\"2cbfdd8\" data-element_type=\"column\">\n\t\t\t<div class=\"elementor-widget-wrap elementor-element-populated\">\n\t\t\t\t\t\t\t\t<div class=\"elementor-element elementor-element-da0c246 elementor-aspect-ratio-169 elementor-widget elementor-widget-video\" data-id=\"da0c246\" data-element_type=\"widget\" data-settings=\"{&quot;video_type&quot;:&quot;hosted&quot;,&quot;controls&quot;:&quot;yes&quot;,&quot;aspect_ratio&quot;:&quot;169&quot;}\" data-widget_type=\"video.default\">\n\t\t\t\t<div class=\"elementor-widget-container\">\n\t\t\t\t\t<div class=\"e-hosted-video elementor-wrapper elementor-fit-aspect-ratio elementor-open-inline\">\n\t\t\t\t\t<video class=\"elementor-video\" src=\"http:\/\/engroup.com.tr\/wp-content\/uploads\/2021\/10\/WhatsApp-Video-2021-10-18-at-17.03.32.mp4\" controls=\"\" controlsList=\"nodownload\"><\/video>\n\t\t\t\t<\/div>\n\t\t\t\t<\/div>\n\t\t\t\t<\/div>\n\t\t\t\t\t<\/div>\n\t\t<\/div>\n\t\t\t\t<div class=\"elementor-column elementor-col-20 elementor-top-column elementor-element elementor-element-4d6200d\" data-id=\"4d6200d\" data-element_type=\"column\">\n\t\t\t<div class=\"elementor-widget-wrap elementor-element-populated\">\n\t\t\t\t\t\t\t\t<div class=\"elementor-element elementor-element-9ab83d3 elementor-aspect-ratio-169 elementor-widget elementor-widget-video\" data-id=\"9ab83d3\" data-element_type=\"widget\" data-settings=\"{&quot;video_type&quot;:&quot;hosted&quot;,&quot;controls&quot;:&quot;yes&quot;,&quot;aspect_ratio&quot;:&quot;169&quot;}\" data-widget_type=\"video.default\">\n\t\t\t\t<div class=\"elementor-widget-container\">\n\t\t\t\t\t<div class=\"e-hosted-video elementor-wrapper elementor-fit-aspect-ratio elementor-open-inline\">\n\t\t\t\t\t<video class=\"elementor-video\" src=\"http:\/\/engroup.com.tr\/wp-content\/uploads\/2021\/10\/WhatsApp-Video-2021-10-18-at-19.39.54.mp4\" controls=\"\" controlsList=\"nodownload\"><\/video>\n\t\t\t\t<\/div>\n\t\t\t\t<\/div>\n\t\t\t\t<\/div>\n\t\t\t\t\t<\/div>\n\t\t<\/div>\n\t\t\t\t<div class=\"elementor-column elementor-col-20 elementor-top-column elementor-element elementor-element-b988c19\" data-id=\"b988c19\" data-element_type=\"column\">\n\t\t\t<div class=\"elementor-widget-wrap elementor-element-populated\">\n\t\t\t\t\t\t\t\t<div class=\"elementor-element elementor-element-2935dca elementor-aspect-ratio-169 elementor-widget elementor-widget-video\" data-id=\"2935dca\" data-element_type=\"widget\" data-settings=\"{&quot;video_type&quot;:&quot;hosted&quot;,&quot;controls&quot;:&quot;yes&quot;,&quot;aspect_ratio&quot;:&quot;169&quot;}\" data-widget_type=\"video.default\">\n\t\t\t\t<div class=\"elementor-widget-container\">\n\t\t\t\t\t<div class=\"e-hosted-video elementor-wrapper elementor-fit-aspect-ratio elementor-open-inline\">\n\t\t\t\t\t<video class=\"elementor-video\" src=\"http:\/\/engroup.com.tr\/wp-content\/uploads\/2021\/10\/WhatsApp-Video-2021-10-18-at-19.39.53.mp4\" controls=\"\" controlsList=\"nodownload\"><\/video>\n\t\t\t\t<\/div>\n\t\t\t\t<\/div>\n\t\t\t\t<\/div>\n\t\t\t\t\t<\/div>\n\t\t<\/div>\n\t\t\t\t<div class=\"elementor-column elementor-col-20 elementor-top-column elementor-element elementor-element-4f538bb\" data-id=\"4f538bb\" data-element_type=\"column\">\n\t\t\t<div class=\"elementor-widget-wrap elementor-element-populated\">\n\t\t\t\t\t\t\t\t<div class=\"elementor-element elementor-element-0cce71f elementor-aspect-ratio-169 elementor-widget elementor-widget-video\" data-id=\"0cce71f\" data-element_type=\"widget\" data-settings=\"{&quot;video_type&quot;:&quot;hosted&quot;,&quot;controls&quot;:&quot;yes&quot;,&quot;aspect_ratio&quot;:&quot;169&quot;}\" data-widget_type=\"video.default\">\n\t\t\t\t<div class=\"elementor-widget-container\">\n\t\t\t\t\t<div class=\"e-hosted-video elementor-wrapper elementor-fit-aspect-ratio elementor-open-inline\">\n\t\t\t\t\t<video class=\"elementor-video\" src=\"http:\/\/engroup.com.tr\/wp-content\/uploads\/2021\/10\/WhatsApp-Video-2021-10-18-at-19.39.52.mp4\" controls=\"\" controlsList=\"nodownload\"><\/video>\n\t\t\t\t<\/div>\n\t\t\t\t<\/div>\n\t\t\t\t<\/div>\n\t\t\t\t\t<\/div>\n\t\t<\/div>\n\t\t\t\t<div class=\"elementor-column elementor-col-20 elementor-top-column elementor-element elementor-element-a169f8a\" data-id=\"a169f8a\" data-element_type=\"column\">\n\t\t\t<div class=\"elementor-widget-wrap elementor-element-populated\">\n\t\t\t\t\t\t\t\t<div class=\"elementor-element elementor-element-fd9415b elementor-aspect-ratio-169 elementor-widget elementor-widget-video\" data-id=\"fd9415b\" data-element_type=\"widget\" data-settings=\"{&quot;video_type&quot;:&quot;hosted&quot;,&quot;controls&quot;:&quot;yes&quot;,&quot;aspect_ratio&quot;:&quot;169&quot;}\" data-widget_type=\"video.default\">\n\t\t\t\t<div class=\"elementor-widget-container\">\n\t\t\t\t\t<div class=\"e-hosted-video elementor-wrapper elementor-fit-aspect-ratio elementor-open-inline\">\n\t\t\t\t\t<video class=\"elementor-video\" src=\"http:\/\/engroup.com.tr\/wp-content\/uploads\/2021\/10\/WhatsApp-Video-2021-10-18-at-19.39.49.mp4\" controls=\"\" controlsList=\"nodownload\"><\/video>\n\t\t\t\t<\/div>\n\t\t\t\t<\/div>\n\t\t\t\t<\/div>\n\t\t\t\t\t<\/div>\n\t\t<\/div>\n\t\t\t\t\t\t\t<\/div>\n\t\t<\/section>\n\t\t\t\t<section class=\"elementor-section elementor-top-section elementor-element elementor-element-0d0a365 elementor-section-boxed elementor-section-height-default elementor-section-height-default\" data-id=\"0d0a365\" data-element_type=\"section\">\n\t\t\t\t\t\t<div class=\"elementor-container elementor-column-gap-default\">\n\t\t\t\t\t<div class=\"elementor-column elementor-col-100 elementor-top-column elementor-element elementor-element-1c40ed3\" data-id=\"1c40ed3\" data-element_type=\"column\">\n\t\t\t<div class=\"elementor-widget-wrap\">\n\t\t\t\t\t\t\t\t\t<\/div>\n\t\t<\/div>\n\t\t\t\t\t\t\t<\/div>\n\t\t<\/section>\n\t\t\t\t\t\t\t<\/div>\n\t\t","protected":false},"excerpt":{"rendered":"<p>&nbsp;&nbsp;&nbsp;&nbsp;&nbsp;&nbsp;&nbsp;Markalar\u0131m\u0131z\u0131n reklam \u00e7al\u0131\u015fmalar\u0131n\u0131 her zaman ileri seviyeye y\u00fckselterek b\u00fcy\u00fcmeye devam etmekteyiz.Bu alanda yurtd\u0131\u015f\u0131nda yapt\u0131\u011f\u0131m\u0131z reklam \u00e7al\u0131\u015fmalar\u0131n\u0131 yan\u0131nda T\u00fcrkiye i\u00e7erisinde de gerek sosyal medyada gerekse televizyondan reklamlar\u0131m\u0131z devam etmektedir. En son SOEL markam\u0131z i\u00e7in SHOW Tv Ramo dizisini ana sponsorlu\u011funu yapm\u0131\u015ft\u0131r. http:\/\/engroup.com.tr\/wp-content\/uploads\/2021\/10\/film-1.movhttp:\/\/engroup.com.tr\/wp-content\/uploads\/2021\/10\/film.movhttp:\/\/engroup.com.tr\/wp-content\/uploads\/2021\/10\/WhatsApp-Video-2021-10-18-at-17.03.32.mp4http:\/\/engroup.com.tr\/wp-content\/uploads\/2021\/10\/WhatsApp-Video-2021-10-18-at-19.39.54.mp4http:\/\/engroup.com.tr\/wp-content\/uploads\/2021\/10\/WhatsApp-Video-2021-10-18-at-19.39.53.mp4http:\/\/engroup.com.tr\/wp-content\/uploads\/2021\/10\/WhatsApp-Video-2021-10-18-at-19.39.52.mp4http:\/\/engroup.com.tr\/wp-content\/uploads\/2021\/10\/WhatsApp-Video-2021-10-18-at-19.39.49.mp4<\/p>\n","protected":false},"author":1,"featured_media":0,"parent":0,"menu_order":0,"comment_status":"closed","ping_status":"closed","template":"","meta":{"footnotes":""},"class_list":["post-1137","page","type-page","status-publish","hentry"],"uagb_featured_image_src":{"full":false,"thumbnail":false,"medium":false,"medium_large":false,"large":false,"1536x1536":false,"2048x2048":false},"uagb_author_info":{"display_name":"admin","author_link":"https:\/\/engroup.com.tr\/index.php\/author\/admin\/"},"uagb_comment_info":0,"uagb_excerpt":"&nbsp;&nbsp;&nbsp;&nbsp;&nbsp;&nbsp;&nbsp;Markalar\u0131m\u0131z\u0131n reklam \u00e7al\u0131\u015fmalar\u0131n\u0131 her zaman ileri seviyeye y\u00fckselterek b\u00fcy\u00fcmeye devam etmekteyiz.Bu alanda yurtd\u0131\u015f\u0131nda yapt\u0131\u011f\u0131m\u0131z reklam \u00e7al\u0131\u015fmalar\u0131n\u0131 yan\u0131nda T\u00fcrkiye i\u00e7erisinde de gerek sosyal medyada gerekse televizyondan reklamlar\u0131m\u0131z devam etmektedir. En son SOEL markam\u0131z i\u00e7in SHOW Tv Ramo dizisini ana sponsorlu\u011funu yapm\u0131\u015ft\u0131r. http:\/\/engroup.com.tr\/wp-content\/uploads\/2021\/10\/film-1.movhttp:\/\/engroup.com.tr\/wp-content\/uploads\/2021\/10\/film.movhttp:\/\/engroup.com.tr\/wp-content\/uploads\/2021\/10\/WhatsApp-Video-2021-10-18-at-17.03.32.mp4http:\/\/engroup.com.tr\/wp-content\/uploads\/2021\/10\/WhatsApp-Video-2021-10-18-at-19.39.54.mp4http:\/\/engroup.com.tr\/wp-content\/uploads\/2021\/10\/WhatsApp-Video-2021-10-18-at-19.39.53.mp4http:\/\/engroup.com.tr\/wp-content\/uploads\/2021\/10\/WhatsApp-Video-2021-10-18-at-19.39.52.mp4http:\/\/engroup.com.tr\/wp-content\/uploads\/2021\/10\/WhatsApp-Video-2021-10-18-at-19.39.49.mp4","_links":{"self":[{"href":"https:\/\/engroup.com.tr\/index.php\/wp-json\/wp\/v2\/pages\/1137","targetHints":{"allow":["GET"]}}],"collection":[{"href":"https:\/\/engroup.com.tr\/index.php\/wp-json\/wp\/v2\/pages"}],"about":[{"href":"https:\/\/engroup.com.tr\/index.php\/wp-json\/wp\/v2\/types\/page"}],"author":[{"embeddable":true,"href":"https:\/\/engroup.com.tr\/index.php\/wp-json\/wp\/v2\/users\/1"}],"replies":[{"embeddable":true,"href":"https:\/\/engroup.com.tr\/index.php\/wp-json\/wp\/v2\/comments?post=1137"}],"version-history":[{"count":25,"href":"https:\/\/engroup.com.tr\/index.php\/wp-json\/wp\/v2\/pages\/1137\/revisions"}],"predecessor-version":[{"id":1882,"href":"https:\/\/engroup.com.tr\/index.php\/wp-json\/wp\/v2\/pages\/1137\/revisions\/1882"}],"wp:attachment":[{"href":"https:\/\/engroup.com.tr\/index.php\/wp-json\/wp\/v2\/media?parent=1137"}],"curies":[{"name":"wp","href":"https:\/\/api.w.org\/{rel}","templated":true}]}}