{"id":1129,"date":"2021-09-09T14:36:06","date_gmt":"2021-09-09T11:36:06","guid":{"rendered":"http:\/\/engroup.com.tr\/?page_id=1129"},"modified":"2021-10-22T12:00:56","modified_gmt":"2021-10-22T09:00:56","slug":"seodan-mesaj","status":"publish","type":"page","link":"https:\/\/engroup.com.tr\/index.php\/seodan-mesaj\/","title":{"rendered":"SEO&#8217;dan Mesaj"},"content":{"rendered":"\t\t<div data-elementor-type=\"wp-page\" data-elementor-id=\"1129\" class=\"elementor elementor-1129\">\n\t\t\t\t\t\t\t\t\t<section class=\"elementor-section elementor-top-section elementor-element elementor-element-e10795e elementor-section-boxed elementor-section-height-default elementor-section-height-default\" data-id=\"e10795e\" data-element_type=\"section\" data-settings=\"{&quot;background_background&quot;:&quot;classic&quot;}\">\n\t\t\t\t\t\t\t<div class=\"elementor-background-overlay\"><\/div>\n\t\t\t\t\t\t\t<div class=\"elementor-container elementor-column-gap-default\">\n\t\t\t\t\t<div class=\"elementor-column elementor-col-100 elementor-top-column elementor-element elementor-element-b52d50a\" data-id=\"b52d50a\" data-element_type=\"column\">\n\t\t\t<div class=\"elementor-widget-wrap elementor-element-populated\">\n\t\t\t\t\t\t\t\t<div class=\"elementor-element elementor-element-af28e3f elementor-widget elementor-widget-heading\" data-id=\"af28e3f\" data-element_type=\"widget\" data-widget_type=\"heading.default\">\n\t\t\t\t<div class=\"elementor-widget-container\">\n\t\t\t<style>\/*! elementor - v3.6.8 - 27-07-2022 *\/\n.elementor-heading-title{padding:0;margin:0;line-height:1}.elementor-widget-heading .elementor-heading-title[class*=elementor-size-]>a{color:inherit;font-size:inherit;line-height:inherit}.elementor-widget-heading .elementor-heading-title.elementor-size-small{font-size:15px}.elementor-widget-heading .elementor-heading-title.elementor-size-medium{font-size:19px}.elementor-widget-heading .elementor-heading-title.elementor-size-large{font-size:29px}.elementor-widget-heading .elementor-heading-title.elementor-size-xl{font-size:39px}.elementor-widget-heading .elementor-heading-title.elementor-size-xxl{font-size:59px}<\/style><h2 class=\"elementor-heading-title elementor-size-default\">CEO' dan Mesaj<\/h2>\t\t<\/div>\n\t\t\t\t<\/div>\n\t\t\t\t\t<\/div>\n\t\t<\/div>\n\t\t\t\t\t\t\t<\/div>\n\t\t<\/section>\n\t\t\t\t<section class=\"elementor-section elementor-top-section elementor-element elementor-element-8f102df elementor-section-boxed elementor-section-height-default elementor-section-height-default\" data-id=\"8f102df\" data-element_type=\"section\" data-settings=\"{&quot;background_background&quot;:&quot;classic&quot;}\">\n\t\t\t\t\t\t<div class=\"elementor-container elementor-column-gap-default\">\n\t\t\t\t\t<div class=\"elementor-column elementor-col-50 elementor-top-column elementor-element elementor-element-bca8273\" data-id=\"bca8273\" data-element_type=\"column\">\n\t\t\t<div class=\"elementor-widget-wrap elementor-element-populated\">\n\t\t\t\t\t\t\t\t<div class=\"elementor-element elementor-element-d8a5f4c elementor-drop-cap-yes elementor-drop-cap-view-default elementor-widget elementor-widget-text-editor\" data-id=\"d8a5f4c\" data-element_type=\"widget\" data-settings=\"{&quot;drop_cap&quot;:&quot;yes&quot;}\" data-widget_type=\"text-editor.default\">\n\t\t\t\t<div class=\"elementor-widget-container\">\n\t\t\t<style>\/*! elementor - v3.6.8 - 27-07-2022 *\/\n.elementor-widget-text-editor.elementor-drop-cap-view-stacked .elementor-drop-cap{background-color:#818a91;color:#fff}.elementor-widget-text-editor.elementor-drop-cap-view-framed .elementor-drop-cap{color:#818a91;border:3px solid;background-color:transparent}.elementor-widget-text-editor:not(.elementor-drop-cap-view-default) .elementor-drop-cap{margin-top:8px}.elementor-widget-text-editor:not(.elementor-drop-cap-view-default) .elementor-drop-cap-letter{width:1em;height:1em}.elementor-widget-text-editor .elementor-drop-cap{float:left;text-align:center;line-height:1;font-size:50px}.elementor-widget-text-editor .elementor-drop-cap-letter{display:inline-block}<\/style>\t\t\t\t<p><strong>Ekonomi bug\u00fcnlerde derinle\u015fen belirsizli\u011fe tan\u0131k oluyor. Bunlar aras\u0131nda uzun vadeli a\u015fa\u011f\u0131 y\u00f6nl\u00fc b\u00fcy\u00fcme ve b\u00fcy\u00fck \u00fclkelerde artan ticaret engelleriyle ilgili endi\u015feler yer al\u0131yor. En Group olarak gelecek planlar\u0131m\u0131zdan biri de \u00e7al\u0131\u015fd\u0131\u011f\u0131m\u0131z markalar\u0131n her birinde \u00fcr\u00fcnler, \u00fcretim ve sat\u0131\u015flar a\u00e7\u0131s\u0131ndan kapsaml\u0131 ve entegre bir strateji uygulayarak birinci s\u0131n\u0131f y\u00f6netim sistemimizi geli\u015ftirmeyi i\u00e7erecektir. Bu, d\u00fcnya \u00e7ap\u0131ndak\u0131 m\u00fc\u015fterilerin farkl\u0131 ihtiya\u00e7lar\u0131na proaktif olarak yan\u0131t vermenizi sa\u011flayacakt\u0131r. Avrupa ile yana\u015f\u0131 h\u0131zl\u0131 ekonomik b\u00fcy\u00fcmenin beklendi\u011fi ASEAN (G\u00fcneydo\u011fu Asya \u00dclkeleri) b\u00f6lgesi de dahil olmak \u00fczere yeni pazarlar a\u00e7maya devam edece\u011fiz. <\/strong><br \/><strong>Ayr\u0131ca, yeni giri\u015fimlerde gelecekteki inovasyon f\u0131rsatlar\u0131n\u0131 ve gelecek vaat eden giri\u015fimlerde yat\u0131r\u0131m ve a\u00e7\u0131k i\u015fbirli\u011fi f\u0131rsatlar\u0131n\u0131 her zaman de\u011ferlendiriyor\u00a0 gelecekteki b\u00fcy\u00fcmemizi iyile\u015ftirmek ve belirsiz bir \u00e7al\u0131\u015fma ortam\u0131na h\u0131zl\u0131 ve esnek bir \u015fekilde yan\u0131t vermemizi sa\u011flamak i\u00e7in karar verme sistemimizde olumlu ayarlamalar yap\u0131yoruz.Kurumsal sosyal sorumluluklar\u0131m\u0131z\u0131 s\u00fcrd\u00fcrmek ve herkes i\u00e7in daha mutlu bir d\u00fcnya yaratmak en \u00f6nemli \u00f6nceliklerimizden biridir.\u00a0 <\/strong><br \/><strong>\u201cBa\u015far\u0131 Hikayeleri\u201d ve \u201cKanatlanmak Senin Elinde\u201d kitaplar\u0131n\u0131n yazar\u0131, Alt\u0131n Palmiye\u2018de \u201cY\u0131l\u0131n Gen\u00e7 \u0130\u015f Adam\u0131\u201d \u00f6d\u00fcl sahibi olmam\u0131n ilk ba\u015fda sebebi s\u00f6zs\u00fcz ki, yukar\u0131da belirti\u011fim gelecek plan ve sorumlulu\u011fun neticesidir. <\/strong><\/p>\t\t\t\t\t\t<\/div>\n\t\t\t\t<\/div>\n\t\t\t\t\t<\/div>\n\t\t<\/div>\n\t\t\t\t<div class=\"elementor-column elementor-col-50 elementor-top-column elementor-element elementor-element-6735788\" data-id=\"6735788\" data-element_type=\"column\">\n\t\t\t<div class=\"elementor-widget-wrap elementor-element-populated\">\n\t\t\t\t\t\t\t\t<div class=\"elementor-element elementor-element-04be35e elementor-widget elementor-widget-spacer\" data-id=\"04be35e\" data-element_type=\"widget\" data-widget_type=\"spacer.default\">\n\t\t\t\t<div class=\"elementor-widget-container\">\n\t\t\t<style>\/*! elementor - v3.6.8 - 27-07-2022 *\/\n.e-container.e-container--row .elementor-spacer-inner{width:var(--spacer-size)}.e-container.e-container--column .elementor-spacer-inner,.elementor-column .elementor-spacer-inner{height:var(--spacer-size)}<\/style>\t\t<div class=\"elementor-spacer\">\n\t\t\t<div class=\"elementor-spacer-inner\"><\/div>\n\t\t<\/div>\n\t\t\t\t<\/div>\n\t\t\t\t<\/div>\n\t\t\t\t<div class=\"elementor-element elementor-element-348f69b elementor-widget elementor-widget-image\" data-id=\"348f69b\" data-element_type=\"widget\" data-widget_type=\"image.default\">\n\t\t\t\t<div class=\"elementor-widget-container\">\n\t\t\t<style>\/*! elementor - v3.6.8 - 27-07-2022 *\/\n.elementor-widget-image{text-align:center}.elementor-widget-image a{display:inline-block}.elementor-widget-image a img[src$=\".svg\"]{width:48px}.elementor-widget-image img{vertical-align:middle;display:inline-block}<\/style>\t\t\t\t\t\t\t\t\t\t\t\t<img loading=\"lazy\" decoding=\"async\" width=\"768\" height=\"768\" src=\"https:\/\/engroup.com.tr\/wp-content\/uploads\/2021\/10\/WhatsApp-Image-2021-10-21-at-16.10.41-1-768x768.jpeg\" class=\"attachment-medium_large size-medium_large\" alt=\"\" srcset=\"https:\/\/engroup.com.tr\/wp-content\/uploads\/2021\/10\/WhatsApp-Image-2021-10-21-at-16.10.41-1-768x768.jpeg 768w, https:\/\/engroup.com.tr\/wp-content\/uploads\/2021\/10\/WhatsApp-Image-2021-10-21-at-16.10.41-1-300x300.jpeg 300w, https:\/\/engroup.com.tr\/wp-content\/uploads\/2021\/10\/WhatsApp-Image-2021-10-21-at-16.10.41-1-150x150.jpeg 150w, https:\/\/engroup.com.tr\/wp-content\/uploads\/2021\/10\/WhatsApp-Image-2021-10-21-at-16.10.41-1.jpeg 837w\" sizes=\"auto, (max-width: 768px) 100vw, 768px\" \/>\t\t\t\t\t\t\t\t\t\t\t\t\t\t\t<\/div>\n\t\t\t\t<\/div>\n\t\t\t\t\t<\/div>\n\t\t<\/div>\n\t\t\t\t\t\t\t<\/div>\n\t\t<\/section>\n\t\t\t\t\t\t\t<\/div>\n\t\t","protected":false},"excerpt":{"rendered":"<p>CEO&#8217; dan Mesaj Ekonomi bug\u00fcnlerde derinle\u015fen belirsizli\u011fe tan\u0131k oluyor. Bunlar aras\u0131nda uzun vadeli a\u015fa\u011f\u0131 y\u00f6nl\u00fc b\u00fcy\u00fcme ve b\u00fcy\u00fck \u00fclkelerde artan ticaret engelleriyle ilgili endi\u015feler yer al\u0131yor. En Group olarak gelecek planlar\u0131m\u0131zdan biri de \u00e7al\u0131\u015fd\u0131\u011f\u0131m\u0131z markalar\u0131n her birinde \u00fcr\u00fcnler, \u00fcretim ve sat\u0131\u015flar a\u00e7\u0131s\u0131ndan kapsaml\u0131 ve entegre bir strateji uygulayarak birinci s\u0131n\u0131f y\u00f6netim sistemimizi geli\u015ftirmeyi i\u00e7erecektir. Bu, &hellip;<\/p>\n<p class=\"read-more\"> <a class=\"\" href=\"https:\/\/engroup.com.tr\/index.php\/seodan-mesaj\/\"> <span class=\"screen-reader-text\">SEO&#8217;dan Mesaj<\/span> Devam\u0131 &raquo;<\/a><\/p>\n","protected":false},"author":1,"featured_media":0,"parent":0,"menu_order":0,"comment_status":"closed","ping_status":"closed","template":"","meta":{"footnotes":""},"class_list":["post-1129","page","type-page","status-publish","hentry"],"uagb_featured_image_src":{"full":false,"thumbnail":false,"medium":false,"medium_large":false,"large":false,"1536x1536":false,"2048x2048":false},"uagb_author_info":{"display_name":"admin","author_link":"https:\/\/engroup.com.tr\/index.php\/author\/admin\/"},"uagb_comment_info":0,"uagb_excerpt":"CEO&#8217; dan Mesaj Ekonomi bug\u00fcnlerde derinle\u015fen belirsizli\u011fe tan\u0131k oluyor. Bunlar aras\u0131nda uzun vadeli a\u015fa\u011f\u0131 y\u00f6nl\u00fc b\u00fcy\u00fcme ve b\u00fcy\u00fck \u00fclkelerde artan ticaret engelleriyle ilgili endi\u015feler yer al\u0131yor. En Group olarak gelecek planlar\u0131m\u0131zdan biri de \u00e7al\u0131\u015fd\u0131\u011f\u0131m\u0131z markalar\u0131n her birinde \u00fcr\u00fcnler, \u00fcretim ve sat\u0131\u015flar a\u00e7\u0131s\u0131ndan kapsaml\u0131 ve entegre bir strateji uygulayarak birinci s\u0131n\u0131f y\u00f6netim sistemimizi geli\u015ftirmeyi i\u00e7erecektir. Bu,&hellip;","_links":{"self":[{"href":"https:\/\/engroup.com.tr\/index.php\/wp-json\/wp\/v2\/pages\/1129","targetHints":{"allow":["GET"]}}],"collection":[{"href":"https:\/\/engroup.com.tr\/index.php\/wp-json\/wp\/v2\/pages"}],"about":[{"href":"https:\/\/engroup.com.tr\/index.php\/wp-json\/wp\/v2\/types\/page"}],"author":[{"embeddable":true,"href":"https:\/\/engroup.com.tr\/index.php\/wp-json\/wp\/v2\/users\/1"}],"replies":[{"embeddable":true,"href":"https:\/\/engroup.com.tr\/index.php\/wp-json\/wp\/v2\/comments?post=1129"}],"version-history":[{"count":31,"href":"https:\/\/engroup.com.tr\/index.php\/wp-json\/wp\/v2\/pages\/1129\/revisions"}],"predecessor-version":[{"id":2049,"href":"https:\/\/engroup.com.tr\/index.php\/wp-json\/wp\/v2\/pages\/1129\/revisions\/2049"}],"wp:attachment":[{"href":"https:\/\/engroup.com.tr\/index.php\/wp-json\/wp\/v2\/media?parent=1129"}],"curies":[{"name":"wp","href":"https:\/\/api.w.org\/{rel}","templated":true}]}}