{"id":1126,"date":"2021-09-09T14:35:25","date_gmt":"2021-09-09T11:35:25","guid":{"rendered":"http:\/\/engroup.com.tr\/?page_id=1126"},"modified":"2021-10-22T11:59:37","modified_gmt":"2021-10-22T08:59:37","slug":"tarihcemiz","status":"publish","type":"page","link":"http:\/\/engroup.com.tr\/index.php\/tarihcemiz\/","title":{"rendered":"Tarih\u00e7emiz"},"content":{"rendered":"\t\t<div data-elementor-type=\"wp-page\" data-elementor-id=\"1126\" class=\"elementor elementor-1126\">\n\t\t\t\t\t\t\t\t\t<section class=\"elementor-section elementor-top-section elementor-element elementor-element-269330b elementor-section-boxed elementor-section-height-default elementor-section-height-default\" data-id=\"269330b\" data-element_type=\"section\" data-settings=\"{&quot;background_background&quot;:&quot;classic&quot;}\">\n\t\t\t\t\t\t\t<div class=\"elementor-background-overlay\"><\/div>\n\t\t\t\t\t\t\t<div class=\"elementor-container elementor-column-gap-default\">\n\t\t\t\t\t<div class=\"elementor-column elementor-col-50 elementor-top-column elementor-element elementor-element-e61d8ee\" data-id=\"e61d8ee\" data-element_type=\"column\">\n\t\t\t<div class=\"elementor-widget-wrap elementor-element-populated\">\n\t\t\t\t\t\t\t\t<div class=\"elementor-element elementor-element-4d952ef elementor-widget elementor-widget-spacer\" data-id=\"4d952ef\" data-element_type=\"widget\" data-widget_type=\"spacer.default\">\n\t\t\t\t<div class=\"elementor-widget-container\">\n\t\t\t<style>\/*! elementor - v3.6.8 - 27-07-2022 *\/\n.e-container.e-container--row .elementor-spacer-inner{width:var(--spacer-size)}.e-container.e-container--column .elementor-spacer-inner,.elementor-column .elementor-spacer-inner{height:var(--spacer-size)}<\/style>\t\t<div class=\"elementor-spacer\">\n\t\t\t<div class=\"elementor-spacer-inner\"><\/div>\n\t\t<\/div>\n\t\t\t\t<\/div>\n\t\t\t\t<\/div>\n\t\t\t\t<div class=\"elementor-element elementor-element-2c04231 elementor-widget elementor-widget-heading\" data-id=\"2c04231\" data-element_type=\"widget\" data-widget_type=\"heading.default\">\n\t\t\t\t<div class=\"elementor-widget-container\">\n\t\t\t<style>\/*! elementor - v3.6.8 - 27-07-2022 *\/\n.elementor-heading-title{padding:0;margin:0;line-height:1}.elementor-widget-heading .elementor-heading-title[class*=elementor-size-]>a{color:inherit;font-size:inherit;line-height:inherit}.elementor-widget-heading .elementor-heading-title.elementor-size-small{font-size:15px}.elementor-widget-heading .elementor-heading-title.elementor-size-medium{font-size:19px}.elementor-widget-heading .elementor-heading-title.elementor-size-large{font-size:29px}.elementor-widget-heading .elementor-heading-title.elementor-size-xl{font-size:39px}.elementor-widget-heading .elementor-heading-title.elementor-size-xxl{font-size:59px}<\/style><h1 class=\"elementor-heading-title elementor-size-default\">Tarih\u00e7emiz<\/h1>\t\t<\/div>\n\t\t\t\t<\/div>\n\t\t\t\t\t<\/div>\n\t\t<\/div>\n\t\t\t\t<div class=\"elementor-column elementor-col-50 elementor-top-column elementor-element elementor-element-9a435ea\" data-id=\"9a435ea\" data-element_type=\"column\">\n\t\t\t<div class=\"elementor-widget-wrap elementor-element-populated\">\n\t\t\t\t\t\t\t\t<div class=\"elementor-element elementor-element-176f715 elementor-widget elementor-widget-text-editor\" data-id=\"176f715\" data-element_type=\"widget\" data-widget_type=\"text-editor.default\">\n\t\t\t\t<div class=\"elementor-widget-container\">\n\t\t\t<style>\/*! elementor - v3.6.8 - 27-07-2022 *\/\n.elementor-widget-text-editor.elementor-drop-cap-view-stacked .elementor-drop-cap{background-color:#818a91;color:#fff}.elementor-widget-text-editor.elementor-drop-cap-view-framed .elementor-drop-cap{color:#818a91;border:3px solid;background-color:transparent}.elementor-widget-text-editor:not(.elementor-drop-cap-view-default) .elementor-drop-cap{margin-top:8px}.elementor-widget-text-editor:not(.elementor-drop-cap-view-default) .elementor-drop-cap-letter{width:1em;height:1em}.elementor-widget-text-editor .elementor-drop-cap{float:left;text-align:center;line-height:1;font-size:50px}.elementor-widget-text-editor .elementor-drop-cap-letter{display:inline-block}<\/style>\t\t\t\t\t\t\t\t\t\t<\/div>\n\t\t\t\t<\/div>\n\t\t\t\t<div class=\"elementor-element elementor-element-6d7d5dc elementor-widget elementor-widget-heading\" data-id=\"6d7d5dc\" data-element_type=\"widget\" data-widget_type=\"heading.default\">\n\t\t\t\t<div class=\"elementor-widget-container\">\n\t\t\t<h4 class=\"elementor-heading-title elementor-size-default\">En Group 2017 y\u0131l\u0131ndan\u00a0 \u201cSoel\u201d markas\u0131 ile parf\u00fcm sekt\u00f6r\u00fcnde faaliyet g\u00f6stermekdedir. 4 y\u0131l\u0131 a\u015fk\u0131n s\u00fcredir d\u00fcnyaca \u00fcnl\u00fc marka parf\u00fcm sat\u0131\u015f\u0131 yapmaktat\u0131r. Markam\u0131z 120den fazla ma\u011faza ve kaliteli parf\u00fcm ile al\u0131c\u0131lar\u0131n be\u011fenisini kazanm\u0131\u015ft\u0131r. \u00a0Ayn\u0131 y\u0131lda online olarak T\u00fcrkiyede al\u0131c\u0131lar\u0131 ile bulu\u015fan Soel 2020 y\u0131l\u0131nda ilk ma\u011fazas\u0131n\u0131 sevenleri i\u00e7in a\u00e7m\u0131\u015fd\u0131r.\nParf\u00fcm markas\u0131 gibi al\u0131c\u0131lar\u0131n g\u00f6nl\u00fcnde taht kurmay\u0131 ba\u015faran EN Group \u201cChocoport\u201d restoran\u0131, \u201cEswatch\u201d, \u201cBigMax\u201d ve \u201cBeeYou\u201d \u00a0gibi markalar\u0131 yaratarak b\u00fcnyesine katm\u0131\u015fd\u0131r.<\/h4>\t\t<\/div>\n\t\t\t\t<\/div>\n\t\t\t\t\t<\/div>\n\t\t<\/div>\n\t\t\t\t\t\t\t<\/div>\n\t\t<\/section>\n\t\t\t\t\t\t\t<\/div>\n\t\t","protected":false},"excerpt":{"rendered":"<p>Tarih\u00e7emiz En Group 2017 y\u0131l\u0131ndan\u00a0 \u201cSoel\u201d markas\u0131 ile parf\u00fcm sekt\u00f6r\u00fcnde faaliyet g\u00f6stermekdedir. 4 y\u0131l\u0131 a\u015fk\u0131n s\u00fcredir d\u00fcnyaca \u00fcnl\u00fc marka parf\u00fcm sat\u0131\u015f\u0131 yapmaktat\u0131r. Markam\u0131z 120den fazla ma\u011faza ve kaliteli parf\u00fcm ile al\u0131c\u0131lar\u0131n be\u011fenisini kazanm\u0131\u015ft\u0131r. \u00a0Ayn\u0131 y\u0131lda online olarak T\u00fcrkiyede al\u0131c\u0131lar\u0131 ile bulu\u015fan Soel 2020 y\u0131l\u0131nda ilk ma\u011fazas\u0131n\u0131 sevenleri i\u00e7in a\u00e7m\u0131\u015fd\u0131r. Parf\u00fcm markas\u0131 gibi al\u0131c\u0131lar\u0131n g\u00f6nl\u00fcnde taht &hellip;<\/p>\n<p class=\"read-more\"> <a class=\"\" href=\"http:\/\/engroup.com.tr\/index.php\/tarihcemiz\/\"> <span class=\"screen-reader-text\">Tarih\u00e7emiz<\/span> Devam\u0131 &raquo;<\/a><\/p>\n","protected":false},"author":1,"featured_media":0,"parent":0,"menu_order":0,"comment_status":"closed","ping_status":"closed","template":"","meta":{"footnotes":""},"class_list":["post-1126","page","type-page","status-publish","hentry"],"uagb_featured_image_src":{"full":false,"thumbnail":false,"medium":false,"medium_large":false,"large":false,"1536x1536":false,"2048x2048":false},"uagb_author_info":{"display_name":"admin","author_link":"http:\/\/engroup.com.tr\/index.php\/author\/admin\/"},"uagb_comment_info":0,"uagb_excerpt":"Tarih\u00e7emiz En Group 2017 y\u0131l\u0131ndan\u00a0 \u201cSoel\u201d markas\u0131 ile parf\u00fcm sekt\u00f6r\u00fcnde faaliyet g\u00f6stermekdedir. 4 y\u0131l\u0131 a\u015fk\u0131n s\u00fcredir d\u00fcnyaca \u00fcnl\u00fc marka parf\u00fcm sat\u0131\u015f\u0131 yapmaktat\u0131r. Markam\u0131z 120den fazla ma\u011faza ve kaliteli parf\u00fcm ile al\u0131c\u0131lar\u0131n be\u011fenisini kazanm\u0131\u015ft\u0131r. \u00a0Ayn\u0131 y\u0131lda online olarak T\u00fcrkiyede al\u0131c\u0131lar\u0131 ile bulu\u015fan Soel 2020 y\u0131l\u0131nda ilk ma\u011fazas\u0131n\u0131 sevenleri i\u00e7in a\u00e7m\u0131\u015fd\u0131r. Parf\u00fcm markas\u0131 gibi al\u0131c\u0131lar\u0131n g\u00f6nl\u00fcnde taht&hellip;","_links":{"self":[{"href":"http:\/\/engroup.com.tr\/index.php\/wp-json\/wp\/v2\/pages\/1126","targetHints":{"allow":["GET"]}}],"collection":[{"href":"http:\/\/engroup.com.tr\/index.php\/wp-json\/wp\/v2\/pages"}],"about":[{"href":"http:\/\/engroup.com.tr\/index.php\/wp-json\/wp\/v2\/types\/page"}],"author":[{"embeddable":true,"href":"http:\/\/engroup.com.tr\/index.php\/wp-json\/wp\/v2\/users\/1"}],"replies":[{"embeddable":true,"href":"http:\/\/engroup.com.tr\/index.php\/wp-json\/wp\/v2\/comments?post=1126"}],"version-history":[{"count":25,"href":"http:\/\/engroup.com.tr\/index.php\/wp-json\/wp\/v2\/pages\/1126\/revisions"}],"predecessor-version":[{"id":2045,"href":"http:\/\/engroup.com.tr\/index.php\/wp-json\/wp\/v2\/pages\/1126\/revisions\/2045"}],"wp:attachment":[{"href":"http:\/\/engroup.com.tr\/index.php\/wp-json\/wp\/v2\/media?parent=1126"}],"curies":[{"name":"wp","href":"https:\/\/api.w.org\/{rel}","templated":true}]}}